{"id":183,"date":"2014-05-03T12:02:57","date_gmt":"2014-05-03T10:02:57","guid":{"rendered":"http:\/\/www.issigeac.info\/?page_id=183"},"modified":"2026-04-15T11:04:28","modified_gmt":"2026-04-15T09:04:28","slug":"bibliotheque","status":"publish","type":"page","link":"http:\/\/www.issigeac.info\/?page_id=183","title":{"rendered":"M\u00e9diath\u00e8que"},"content":{"rendered":"\n<h2 class=\"wp-block-heading\"><strong>Service de Retrait de livres &amp; CD<\/strong><\/h2>\n\n\n\n<hr class=\"wp-block-separator has-css-opacity is-style-wide\"\/>\n\n\n<h3>La m\u00e9diath\u00e8que municipale d&#8217;Issigeac vous accueille les :<\/h3>\n<ul>\n<li>Mardi de 15h \u00e0 18h<\/li>\n<li>mercredi, de 10h \u00e0 12h et de 15h \u00e0 18h<\/li>\n<li>vendredi de 15h \u00e0 18h<\/li>\n<\/ul>\n<p style=\"padding-left: 40px;\"><span style=\"color: #404040;\">Contact : 05.53.74.94.31 \/ <a href=\"mediatheque@mairie-issigeac.fr\">mediatheque@mairie-issigeac.fr<\/a><\/span><\/p>\n<p style=\"padding-left: 40px;\">Adresse : chemin des \u00e9coliers &#8211; Maison des Services &#8211; 24560 Issigeac <em>(\u00e0 proximit\u00e9 du groupe scolaire).<\/em><\/p>\n<p><a title=\"R\u00e9pertoire\" href=\"http:\/\/www.issigeac.info\/?page_id=29\">Autres services<\/a><\/p>\n\n\n<p><br><\/p>\n","protected":false},"excerpt":{"rendered":"<p>Service de Retrait de livres &amp; CD La m\u00e9diath\u00e8que municipale d&#8217;Issigeac vous accueille les : Mardi de 15h \u00e0 18h mercredi, de 10h \u00e0 12h et de 15h \u00e0 18h <a class=\"more-link\" href=\"http:\/\/www.issigeac.info\/?page_id=183\">Suite&hellip; &rarr;<\/a><\/p>\n","protected":false},"author":1,"featured_media":1994,"parent":29,"menu_order":0,"comment_status":"closed","ping_status":"open","template":"","meta":{"footnotes":""},"class_list":["post-183","page","type-page","status-publish","has-post-thumbnail","hentry"],"_links":{"self":[{"href":"http:\/\/www.issigeac.info\/index.php?rest_route=\/wp\/v2\/pages\/183","targetHints":{"allow":["GET"]}}],"collection":[{"href":"http:\/\/www.issigeac.info\/index.php?rest_route=\/wp\/v2\/pages"}],"about":[{"href":"http:\/\/www.issigeac.info\/index.php?rest_route=\/wp\/v2\/types\/page"}],"author":[{"embeddable":true,"href":"http:\/\/www.issigeac.info\/index.php?rest_route=\/wp\/v2\/users\/1"}],"replies":[{"embeddable":true,"href":"http:\/\/www.issigeac.info\/index.php?rest_route=%2Fwp%2Fv2%2Fcomments&post=183"}],"version-history":[{"count":12,"href":"http:\/\/www.issigeac.info\/index.php?rest_route=\/wp\/v2\/pages\/183\/revisions"}],"predecessor-version":[{"id":3526,"href":"http:\/\/www.issigeac.info\/index.php?rest_route=\/wp\/v2\/pages\/183\/revisions\/3526"}],"up":[{"embeddable":true,"href":"http:\/\/www.issigeac.info\/index.php?rest_route=\/wp\/v2\/pages\/29"}],"wp:featuredmedia":[{"embeddable":true,"href":"http:\/\/www.issigeac.info\/index.php?rest_route=\/wp\/v2\/media\/1994"}],"wp:attachment":[{"href":"http:\/\/www.issigeac.info\/index.php?rest_route=%2Fwp%2Fv2%2Fmedia&parent=183"}],"curies":[{"name":"wp","href":"https:\/\/api.w.org\/{rel}","templated":true}]}}