{"id":2,"date":"2014-04-12T00:02:19","date_gmt":"2014-04-12T00:02:19","guid":{"rendered":"http:\/\/www.issigeac.info\/?page_id=2"},"modified":"2022-07-08T16:51:16","modified_gmt":"2022-07-08T14:51:16","slug":"page-d-exemple","status":"publish","type":"page","link":"http:\/\/www.issigeac.info\/?page_id=2","title":{"rendered":"Mairie"},"content":{"rendered":"<p>La mairie est situ\u00e9e place du ch\u00e2teau (\u00e0 l&#8217;arri\u00e8re de l&#8217;\u00e9glise). Elle est ouverte aux horaires suivants :<br \/>\n\u2013 les lundi, mardi, jeudi et vendredi de 13h30 \u00e0 17h30<br \/>\n\u2013 les mercredi de 09h00 \u00e0 13h00<\/p>\n<p>T\u00e9l : 05 53 58 70 32.\u00a0Fax : 09 70 62 73 68.\u00a0Courriel : <a href=\"mailto:contact@issigeac.info\">Contacter la mairie<\/a>.<\/p>\n<p>\u2013&gt;\u00a0<a title=\"Le conseil municipal d'Issigeac\" href=\"http:\/\/www.issigeac.info\/?page_id=22\"><strong>Conseil municipal<\/strong><\/a><\/p>\n<p>\u2013&gt; <a title=\"CCPSP\" href=\"http:\/\/www.issigeac.info\/?page_id=35\"><strong>Communaut\u00e9 de communes Portes sud P\u00e9rigord<\/strong><\/a><\/p>\n","protected":false},"excerpt":{"rendered":"<p>La mairie est situ\u00e9e place du ch\u00e2teau (\u00e0 l&#8217;arri\u00e8re de l&#8217;\u00e9glise). Elle est ouverte aux horaires suivants : \u2013 les lundi, mardi, jeudi et vendredi de 13h30 \u00e0 17h30 \u2013 <a class=\"more-link\" href=\"http:\/\/www.issigeac.info\/?page_id=2\">Suite&hellip; &rarr;<\/a><\/p>\n","protected":false},"author":1,"featured_media":1990,"parent":0,"menu_order":0,"comment_status":"closed","ping_status":"open","template":"","meta":{"footnotes":""},"class_list":["post-2","page","type-page","status-publish","has-post-thumbnail","hentry"],"_links":{"self":[{"href":"http:\/\/www.issigeac.info\/index.php?rest_route=\/wp\/v2\/pages\/2","targetHints":{"allow":["GET"]}}],"collection":[{"href":"http:\/\/www.issigeac.info\/index.php?rest_route=\/wp\/v2\/pages"}],"about":[{"href":"http:\/\/www.issigeac.info\/index.php?rest_route=\/wp\/v2\/types\/page"}],"author":[{"embeddable":true,"href":"http:\/\/www.issigeac.info\/index.php?rest_route=\/wp\/v2\/users\/1"}],"replies":[{"embeddable":true,"href":"http:\/\/www.issigeac.info\/index.php?rest_route=%2Fwp%2Fv2%2Fcomments&post=2"}],"version-history":[{"count":11,"href":"http:\/\/www.issigeac.info\/index.php?rest_route=\/wp\/v2\/pages\/2\/revisions"}],"predecessor-version":[{"id":2620,"href":"http:\/\/www.issigeac.info\/index.php?rest_route=\/wp\/v2\/pages\/2\/revisions\/2620"}],"wp:featuredmedia":[{"embeddable":true,"href":"http:\/\/www.issigeac.info\/index.php?rest_route=\/wp\/v2\/media\/1990"}],"wp:attachment":[{"href":"http:\/\/www.issigeac.info\/index.php?rest_route=%2Fwp%2Fv2%2Fmedia&parent=2"}],"curies":[{"name":"wp","href":"https:\/\/api.w.org\/{rel}","templated":true}]}}