{"id":2231,"date":"2020-11-20T20:51:40","date_gmt":"2020-11-20T18:51:40","guid":{"rendered":"http:\/\/www.issigeac.info\/?page_id=2231"},"modified":"2020-11-26T18:50:37","modified_gmt":"2020-11-26T16:50:37","slug":"hebergement","status":"publish","type":"page","link":"http:\/\/www.issigeac.info\/?page_id=2231","title":{"rendered":"H\u00e9bergements"},"content":{"rendered":"\n<p><strong>LISTE DES HEBERGEMENTS SUR ISSIGEAC<\/strong><\/p>\n\n\n\n<p><strong><span class=\"has-inline-color has-vivid-red-color\">CHAMBRES D\u2019HOTES<\/span><\/strong><\/p>\n\n\n\n<ul class=\"wp-block-list\"><li>MOLLE Marie-Th\u00e9r\u00e8se \u2013 rue du Docteur Perrin T\u00e9l 05.53.63.09.12<\/li><li>La Bruceli\u00e8re \u2013 Place de la Capelle \u2013 T\u00e9l 05.53.73.89.61<\/li><li>BARRAS Sigrid \u201314 Grand Rue \u2013 T\u00e9l 05.53.63.35.31<\/li><li>BIROT Magali -Le Beroy T\u00e9l 06.70.24.25.50<\/li><li>Le Doyenn\u00e9 \u2013 M. Mme CANTEGREIL Jacques et Nikki \u2013 t\u00e9l 0553170610<\/li><li>La Tiote Roulotte &#8211; VANTOMME Guy \u2013 2 La loge du Pr\u00e9v\u00f4t- T\u00e9l 06.18.37.38.53 (prix sp\u00e9cial randonneurs)<\/li><li>LITHGOW Adrian \u2013 40 rue de l\u2019ancienne poste- T\u00e9l 06.02.24.92.62<\/li><li>DELONGUEIL-BUSCA Martine \u2013 27 rue Sauveterre \u2013 T\u00e9l 06.80.20.04.04<\/li><li>GEORGET-LA-CHESNAIS Eric et V\u00e9ronique \u2013 8 Grand rue- T\u00e9l 06.42.41.88.60<\/li><li>BERTIN Marc \u2013 59 Grand Rue \u2013 Location AIRBNB sans petit d\u00e9jeuner \u2013 T\u00e9l 06.61.79.15.98<\/li><\/ul>\n\n\n\n<p><strong><span class=\"has-inline-color has-vivid-red-color\">MEUBL\u00c9S DE TOURISME<\/span><\/strong><\/p>\n\n\n\n<ul class=\"wp-block-list\"><li>BIGOT Magali Le Beroy \u2013 3 pi\u00e8ces (8 personnes)\u00a0 x 2\u00a0 T\u00e9l 06.70.24.25.50<\/li><li>GELIN Marie-Claude \u2013 Les Bourriers\u00a0 &#8211; ISSIGEAC 4 pi\u00e8ces (4 personnes)\u00a0<\/li><li>BROOKER Caroline \u2013 13 rue de la paix \u2013 ISSIGEAC 5 pi\u00e8ces (5 personnes)- T2L 05.53.27.29.15<\/li><li>ROYNEAU Daniel \u2013 48 Grand Rue 10 personnes \u2013 T\u00e9l 06.79.73.85.41<\/li><li>BOISSERIE Alain \u2013 Route de Viller\u00e9al 6 pers \u2013 T\u00e9l 05.53.58.74.85<\/li><li>LE BORGNE PIROVANO Anna Chiara \u2013 Rue Bari Paillou \u2013 4 personnes t\u00e9l 06.87.85.51.97<\/li><li>KEITLEY Nicolas &#8211; 4 chemin du Faurissou \u2013 8 personnes t\u00e9l 01489877414<\/li><li>SOURCES EN PERIGORD \u2013 Christine MICHELON \u2013 43 Tour de ville \u2013 8 personnes T\u00e9l 06.76.28.74.34<\/li><li>BERNARD Jocelyne et DUFOUR Nicole \u2013 17 rue de la Croix de l\u2019orme \u2013 6 personnes &#8211; T\u00e9l 06.22.27.30.60 ou 06.37.23.26.20<\/li><li>SAS MARDEB . Marc BUSSELL \u2013 44 Grand Rue \u2013 4 personnes \u2013 T\u00e9l 06.13.36.68.18<\/li><li>ISSI OU AILLEURS \u2013 ZAJAC Thierry &#8211; 1 rue Sauveterre \u2013 10 personnes \u2013 T\u00e9l 06.50.10.05.96<\/li><\/ul>\n\n\n\n<p><\/p>\n","protected":false},"excerpt":{"rendered":"<p>LISTE DES HEBERGEMENTS SUR ISSIGEAC CHAMBRES D\u2019HOTES MOLLE Marie-Th\u00e9r\u00e8se \u2013 rue du Docteur Perrin T\u00e9l 05.53.63.09.12 La Bruceli\u00e8re \u2013 Place de la Capelle \u2013 T\u00e9l 05.53.73.89.61 BARRAS Sigrid \u201314 Grand <a class=\"more-link\" href=\"http:\/\/www.issigeac.info\/?page_id=2231\">Suite&hellip; &rarr;<\/a><\/p>\n","protected":false},"author":7,"featured_media":2173,"parent":29,"menu_order":0,"comment_status":"closed","ping_status":"closed","template":"","meta":{"footnotes":""},"class_list":["post-2231","page","type-page","status-publish","has-post-thumbnail","hentry"],"_links":{"self":[{"href":"http:\/\/www.issigeac.info\/index.php?rest_route=\/wp\/v2\/pages\/2231","targetHints":{"allow":["GET"]}}],"collection":[{"href":"http:\/\/www.issigeac.info\/index.php?rest_route=\/wp\/v2\/pages"}],"about":[{"href":"http:\/\/www.issigeac.info\/index.php?rest_route=\/wp\/v2\/types\/page"}],"author":[{"embeddable":true,"href":"http:\/\/www.issigeac.info\/index.php?rest_route=\/wp\/v2\/users\/7"}],"replies":[{"embeddable":true,"href":"http:\/\/www.issigeac.info\/index.php?rest_route=%2Fwp%2Fv2%2Fcomments&post=2231"}],"version-history":[{"count":4,"href":"http:\/\/www.issigeac.info\/index.php?rest_route=\/wp\/v2\/pages\/2231\/revisions"}],"predecessor-version":[{"id":2256,"href":"http:\/\/www.issigeac.info\/index.php?rest_route=\/wp\/v2\/pages\/2231\/revisions\/2256"}],"up":[{"embeddable":true,"href":"http:\/\/www.issigeac.info\/index.php?rest_route=\/wp\/v2\/pages\/29"}],"wp:featuredmedia":[{"embeddable":true,"href":"http:\/\/www.issigeac.info\/index.php?rest_route=\/wp\/v2\/media\/2173"}],"wp:attachment":[{"href":"http:\/\/www.issigeac.info\/index.php?rest_route=%2Fwp%2Fv2%2Fmedia&parent=2231"}],"curies":[{"name":"wp","href":"https:\/\/api.w.org\/{rel}","templated":true}]}}