{"id":2388,"date":"2021-03-30T21:09:29","date_gmt":"2021-03-30T19:09:29","guid":{"rendered":"http:\/\/www.issigeac.info\/?page_id=2388"},"modified":"2021-03-30T21:09:30","modified_gmt":"2021-03-30T19:09:30","slug":"mentions-legales","status":"publish","type":"page","link":"http:\/\/www.issigeac.info\/?page_id=2388","title":{"rendered":"Mentions l\u00e9gales"},"content":{"rendered":"\n<p>Conform\u00e9ment aux dispositions de l\u2019article 6 III-1 de la loi n\u00b0 2004-575 du 21 juin 2004 pour la confiance dans l\u2019\u00e9conomie num\u00e9rique, cette page reprend les mentions l\u00e9gales et conditions g\u00e9n\u00e9rales d\u2019utilisation du site.<\/p>\n\n\n\n<p>Issigeac.info est la propri\u00e9t\u00e9 de la mairie d\u2019Issigeac, France<\/p>\n\n\n\n<p>E-mail : contact@issigeac.info \u2013 T\u00e9l\u00e9phone : 05 53 58 70 32<\/p>\n\n\n\n<p>\u25ba Directeur de la publication<\/p>\n\n\n\n<p>Le directeur de la publication du site web est Jean-Claude Castagner, en qualit\u00e9 de maire.<\/p>\n\n\n\n<p>\u25baConception, r\u00e9alisation<\/p>\n\n\n\n<p>Conception en interne<\/p>\n\n\n\n<p>\u25baH\u00e9bergement<\/p>\n\n\n\n<p>Gandi SAS<\/p>\n\n\n\n<p>63-65 boulevard Mass\u00e9na Paris (75013) FRANCE<\/p>\n\n\n\n<p>\u25ba Litiges<\/p>\n\n\n\n<p>Les pr\u00e9sentes conditions sont r\u00e9gies par les lois fran\u00e7aises et toute contestation ou litiges qui pourraient na\u00eetre de l\u2019interpr\u00e9tation ou de l\u2019ex\u00e9cution de celles-ci seront de la comp\u00e9tence exclusive des tribunaux. La langue de r\u00e9f\u00e9rence, pour le r\u00e8glement de contentieux \u00e9ventuels, est le fran\u00e7ais.<\/p>\n\n\n\n<p>\u25ba D\u00e9claration \u00e0 la CNIL<\/p>\n\n\n\n<p>Conform\u00e9ment \u00e0 la loi 78-17 du 6 janvier 1978 (modifi\u00e9e par la loi 2004-801 du 6 ao\u00fbt 2004 relative \u00e0 la protection des personnes physiques \u00e0 l\u2019\u00e9gard des traitements de donn\u00e9es \u00e0 caract\u00e8re personnel) relative \u00e0 l\u2019informatique, aux fichiers et aux libert\u00e9s, le site a fait l\u2019objet d\u2019une d\u00e9claration aupr\u00e8s de la Commission nationale de l\u2019informatique et des libert\u00e9s (www.cnil.fr).<\/p>\n\n\n\n<p>\u25ba Droit d\u2019acc\u00e8s<\/p>\n\n\n\n<p>Voir politique de confidentialit\u00e9 des donn\u00e9es.<\/p>\n\n\n\n<p>\u25ba Propri\u00e9t\u00e9 intellectuelle<\/p>\n\n\n\n<p>Le site internet exploit\u00e9 \u00e0 l\u2019adresse issigeac.info est la propri\u00e9t\u00e9 de la mairie d\u2019Issigeac.<\/p>\n\n\n\n<p>Ce site est en outre une \u0153uvre prot\u00e9g\u00e9e par le droit de la propri\u00e9t\u00e9 intellectuelle. Il comporte des textes, images, photographies, illustrations, logos, eux-m\u00eames prot\u00e9g\u00e9s par des droits de propri\u00e9t\u00e9s industrielle et intellectuelle.<\/p>\n\n\n\n<p>L\u2019usage par l\u2019internaute du site issigeac.info est strictement r\u00e9serv\u00e9 \u00e0 un usage priv\u00e9- le droit d\u2019utilisation par l\u2019internaute \u00e9tant limit\u00e9 \u00e0 la consultation des informations figurant sur le site.<\/p>\n\n\n\n<p>Toute utilisation, reproduction, t\u00e9l\u00e9chargement total ou partiel du site issigeac.info, ou de l\u2019un de ses \u00e9l\u00e9ments textes, images, photographies illustrations, logos sans l\u2019accord de son propri\u00e9taire ou du titulaire des droits est en cons\u00e9quence interdite, \u00e0 l\u2019exception de la copie priv\u00e9e r\u00e9alis\u00e9e \u00e0 des fins personnelles et non commerciales.<\/p>\n\n\n\n<p>Toute infraction au pr\u00e9sent article est susceptible d\u2019\u00eatre p\u00e9nalement et civilement sanctionn\u00e9e, notamment au titre de la contrefa\u00e7on et entra\u00eenera le cas \u00e9ch\u00e9ant le versement de dommages et int\u00e9r\u00eats.<\/p>\n\n\n\n<p>\u25ba Conditions de service<\/p>\n\n\n\n<p>Ce site utilise le moteur de base WordPress (langages HTLM5, CSS, PHP). Pour un meilleur confort d\u2019utilisation et un graphisme plus agr\u00e9able, nous vous recommandons de recourir \u00e0 des navigateurs modernes comme Chrome, Firefox, Edge, Safari,\u2026<\/p>\n\n\n\n<p>\u25ba Cookies<\/p>\n\n\n\n<p>Pour des besoins de statistiques et d\u2019affichage, le pr\u00e9sent site utilise des cookies. Il s\u2019agit de petits fichiers textes stock\u00e9s sur votre disque dur afin d\u2019enregistrer des donn\u00e9es techniques sur votre navigation. Certaines parties de ce site ne peuvent \u00eatre fonctionnelle sans l\u2019acceptation de cookies. D\u2019autres peuvent \u00eatre d\u00e9sactiv\u00e9s. Vous avez la possibilit\u00e9 de personnaliser vos choix de cookies via le bandeau des cookies.<\/p>\n\n\n\n<p>\u25ba Liens hypertextes<\/p>\n\n\n\n<p>Le site internet peut proposer des liens vers d\u2019autres sites internet ou d\u2019autres ressources disponibles sur Internet. La mairie d\u2019Issigeac ne dispose d\u2019aucun moyen pour contr\u00f4ler les sites en connexion avec ses sites internet. Ainsi, la mairie d\u2019Issigeac ne r\u00e9pond pas de la disponibilit\u00e9 de tels sites et sources externes, ni ne la garantit. Elle ne peut \u00eatre tenue pour responsable de tout dommage, de quelque nature que ce soit, r\u00e9sultant du contenu de ces sites ou sources externes, et notamment des informations, produits ou services qu\u2019ils proposent, ou de tout usage qui peut \u00eatre fait de ces \u00e9l\u00e9ments. Les risques li\u00e9s \u00e0 cette utilisation incombent pleinement \u00e0 l\u2019internaute, qui doit se conformer \u00e0 leurs conditions d\u2019utilisation.<\/p>\n\n\n\n<p>Dans l\u2019hypoth\u00e8se o\u00f9 un utilisateur ou visiteur souhaiterait mettre en place un hyperlien en direction du site issigeac.info, il lui appartiendra d\u2019adresser un email (accessible sur le site) afin de formuler sa demande de mise en place d\u2019un hyperlien. La mairie d\u2019Issigeac se r\u00e9serve le droit d\u2019accepter ou de refuser un hyperlien sans avoir \u00e0 en justifier sa d\u00e9cision.<\/p>\n\n\n\n<p>Recherche<\/p>\n\n\n\n<p>En outre, le renvoi sur un site internet pour compl\u00e9ter une information recherch\u00e9e ne signifie en aucune fa\u00e7on que la mairie d\u2019Issigeac reconna\u00eet ou accepte quelque responsabilit\u00e9 quant \u00e0 la teneur ou \u00e0 l\u2019utilisation dudit site.<\/p>\n\n\n\n<p>\u25baPr\u00e9cautions d\u2019usage<\/p>\n\n\n\n<p>Il incombe par cons\u00e9quent \u00e0 l\u2019utilisateur de prendre les pr\u00e9cautions d\u2019usage n\u00e9cessaires pour vous assurer que ce que vous choisissez d\u2019utiliser ne soit pas entach\u00e9 d\u2019erreurs voire d\u2019\u00e9l\u00e9ments de nature destructrice tels que virus, trojans, etc\u2026.<\/p>\n\n\n\n<p>\u25ba Responsabilit\u00e9<\/p>\n\n\n\n<p>Aucune autre garantie n\u2019est accord\u00e9e au l\u2019internaute, auquel incombe l\u2019obligation de formuler clairement ses besoins et le devoir de s\u2019informer. Si des informations fournies sur issigeac.info apparaissent inexactes, il appartiendra \u00e0 l\u2019internaute client de proc\u00e9der lui-m\u00eame \u00e0 toutes v\u00e9rifications de la coh\u00e9rence ou de la vraisemblance des informations obtenues.<\/p>\n","protected":false},"excerpt":{"rendered":"<p>Conform\u00e9ment aux dispositions de l\u2019article 6 III-1 de la loi n\u00b0 2004-575 du 21 juin 2004 pour la confiance dans l\u2019\u00e9conomie num\u00e9rique, cette page reprend les mentions l\u00e9gales et conditions <a class=\"more-link\" href=\"http:\/\/www.issigeac.info\/?page_id=2388\">Suite&hellip; &rarr;<\/a><\/p>\n","protected":false},"author":8,"featured_media":0,"parent":0,"menu_order":0,"comment_status":"closed","ping_status":"closed","template":"","meta":{"footnotes":""},"class_list":["post-2388","page","type-page","status-publish","hentry"],"_links":{"self":[{"href":"http:\/\/www.issigeac.info\/index.php?rest_route=\/wp\/v2\/pages\/2388","targetHints":{"allow":["GET"]}}],"collection":[{"href":"http:\/\/www.issigeac.info\/index.php?rest_route=\/wp\/v2\/pages"}],"about":[{"href":"http:\/\/www.issigeac.info\/index.php?rest_route=\/wp\/v2\/types\/page"}],"author":[{"embeddable":true,"href":"http:\/\/www.issigeac.info\/index.php?rest_route=\/wp\/v2\/users\/8"}],"replies":[{"embeddable":true,"href":"http:\/\/www.issigeac.info\/index.php?rest_route=%2Fwp%2Fv2%2Fcomments&post=2388"}],"version-history":[{"count":1,"href":"http:\/\/www.issigeac.info\/index.php?rest_route=\/wp\/v2\/pages\/2388\/revisions"}],"predecessor-version":[{"id":2389,"href":"http:\/\/www.issigeac.info\/index.php?rest_route=\/wp\/v2\/pages\/2388\/revisions\/2389"}],"wp:attachment":[{"href":"http:\/\/www.issigeac.info\/index.php?rest_route=%2Fwp%2Fv2%2Fmedia&parent=2388"}],"curies":[{"name":"wp","href":"https:\/\/api.w.org\/{rel}","templated":true}]}}