{"id":240,"date":"2014-05-11T17:16:05","date_gmt":"2014-05-11T15:16:05","guid":{"rendered":"http:\/\/www.issigeac.info\/?page_id=240"},"modified":"2018-12-03T12:29:58","modified_gmt":"2018-12-03T10:29:58","slug":"tourisme","status":"publish","type":"page","link":"http:\/\/www.issigeac.info\/?page_id=240","title":{"rendered":"Tourisme"},"content":{"rendered":"<p>Issigeac est une cit\u00e9 m\u00e9di\u00e9vale d&#8217;origine gallo-romaine (voir <a title=\"Origines d'Issigeac\" href=\"http:\/\/www.issigeac.info\/?page_id=655\" target=\"_blank\" rel=\"noopener\">ici<\/a>), dont les traces connues les plus anciennes remontent au IV\u00b0 si\u00e8cle. Le site, quant \u00e0 lui \u00e9tait occup\u00e9 depuis bien plus longtemps. Sa forme ronde rappelle le c\u00e9l\u00e8bre village d&#8217;Ast\u00e9rix mais il est beaucoup plus probable que sa fondation soit l&#8217;\u0153uvre du romain <a title=\"Publius Crassus\" href=\"http:\/\/fr.wikipedia.org\/wiki\/Publius_Crassus\" target=\"_blank\" rel=\"noopener\">Publius Crassus<\/a> faisant \u00e9tape sur le site avec ses 12 cohortes (environ 8000 hommes) vers\u00a056 avant J.C.\u00a0Venu de Bourges via Limoges et P\u00e9rigueux lors de la\u00a0campagne de pacification de l&#8217;Aquitaine sur ordre de C\u00e9sar, il aurait travers\u00e9 la Dordogne avec ses troupes (probablement \u00e0 Mouleydier) avant d&#8217;\u00e9tablir un campement. Il devait en effet attendre des renforts venant de Toulouse avant d&#8217;aller mener une bataille contre les Sotiates (environs de Sos en Lot-et-Garonne).<\/p>\n<p>Les rues tortueuses et les maisons \u00e0 encorbellement et pans de bois tranchent radicalement avec la rigueur des bastides voisines. Issigeac a un charme in\u00e9gal\u00e9 dans le sud P\u00e9rigord. Le site est class\u00e9 (voir <a title=\"Classement DREAL\" href=\"http:\/\/www.donnees.aquitaine.developpement-durable.gouv.fr\/DREAL\/ficheinfo\/?Code=SIN0000067&amp;Rubrique=SIN\" target=\"_blank\" rel=\"noopener\">DREAL<\/a>). Le village est dans une zone prot\u00e9g\u00e9e (<a title=\"Zone de protection du patrimoine architectural, urbain et paysager\" href=\"http:\/\/aquitaine.culture.gouv.fr\/dossiers-thematiques\/architecture-urbanisme\/zppaup\/zppaup-dordogne\/7d38c726946269235931cd85a03932d0\/\" target=\"_blank\" rel=\"noopener\">ZPPAUP<\/a>).<\/p>\n<p>Plusieurs b\u00e2timents sont class\u00e9s ou inscrits : Maison des t\u00eates, Maison des d\u00eemes, Pr\u00e9v\u00f4t\u00e9, \u00e9glise et Palais des \u00c9v\u00eaques.<\/p>\n<p>La Maison des t\u00eates, malheureusement \u00e0 l&#8217;abandon, dispose de magnifiques t\u00eates sculpt\u00e9es sur les pans de bois du deuxi\u00e8me \u00e9tage de sa fa\u00e7ade. Elle abrite\u00a0\u00e9galement une cour int\u00e9rieure qui n&#8217;est plus visible du public, dont la coursive s&#8217;est en partie effondr\u00e9e en 2017.<\/p>\n<p>La Maison des d\u00eemes est en cours de r\u00e9novation. Elle fait face au Palais des \u00c9v\u00eaques. Par opposition \u00e0 la maison des t\u00eates, les nouveaux propri\u00e9taires sont particuli\u00e8rement impliqu\u00e9s dans la mise en valeur du b\u00e2timent.<\/p>\n<p>La Pr\u00e9v\u00f4t\u00e9 est remarquable \u00e0 plus d&#8217;un titre. Le b\u00e2timent, priv\u00e9, peut \u00eatre observ\u00e9 depuis le tour de ville. On notera son pigeonnier pos\u00e9 sur le mur de l&#8217;ancien rempart.<\/p>\n<p>L&#8217;\u00c9glise a les dimensions d&#8217;une cath\u00e9drale. En raison d&#8217;un affaissement des fondations de la nef sud, celle-ci a un mur particuli\u00e8rement inclin\u00e9 qui pourrait inqui\u00e9ter le visiteur non averti\u2026 mais rassurez vous, tout ceci a \u00e9t\u00e9 consolid\u00e9 par d&#8217;importants travaux de r\u00e9novation entre 2009 et 2013. Elle doit son nom (Saint F\u00e9licien) \u00e0 une relique dont la pr\u00e9sence \u00e9tait attest\u00e9e en 1009 dans le village.<\/p>\n<p>Le Palais\u00a0des \u00c9v\u00e8ques h\u00e9berge dans son caveau le point d&#8217;information touristique g\u00e9r\u00e9 par la communaut\u00e9 de communes Portes Sud P\u00e9rigord. L&#8217;<a title=\"Site de l'office de tourisme pour le pays issigeacois\" href=\"http:\/\/www.issigeac-tourisme.fr\/\" target=\"_blank\" rel=\"noopener\">office de tourisme<\/a> est commun avec celui d&#8217;Eymet depuis 2015.<\/p>\n<p>Issigeac a aussi la particularit\u00e9 d&#8217;avoir \u00e9t\u00e9 d\u00e9crit comme lieu de p\u00e8lerinage de la science-fiction dans les ann\u00e9es 1970-1980 car y vivait alors <a href=\"https:\/\/fr.wikipedia.org\/wiki\/Michel_Jeury\">Michel Jeury<\/a>, auteur de r\u00e9f\u00e9rence en litt\u00e9rature d&#8217;anticipation.<\/p>\n<p>Chaque coin de rue du village apporte son lot de surprises. Vous pourrez revenir maintes et maintes fois en faisant toujours de nouvelles d\u00e9couvertes.<\/p>\n<p><a title=\"Le march\u00e9 en images\" href=\"http:\/\/www.issigeac.info\/?page_id=366\">Le march\u00e9 d&#8217;Issigeac<\/a>, particuli\u00e8rement r\u00e9put\u00e9, a lieu le dimanche matin (environ 8h-13h). Il accueille des centaines d&#8217;\u00e9tals dans les rues du village et des milliers de visiteurs. Attention \u00e0 bien vous garer dans l&#8217;un des nombreux parkings \u00e0 proximit\u00e9.<\/p>\n<p>Si vous souhaitez une <strong>visite accompagn\u00e9e\u00a0de la cit\u00e9<\/strong>, vous pouvez contacter l&#8217;office de tourisme (05 53 58 79 62)\u00a0ou le conseiller municipal en charge du tourisme (Emmanuel Dubois, 06 07.99 75 40).<\/p>\n<p>N&#8217;h\u00e9sitez pas \u00e0 nous contacter pour toute information compl\u00e9mentaire.<\/p>\n<p><a href=\"http:\/\/www.issigeac.info\/wp-content\/uploads\/2014\/04\/DSCN2674.jpg\"><img loading=\"lazy\" decoding=\"async\" class=\"aligncenter size-large wp-image-4\" src=\"http:\/\/www.issigeac.info\/wp-content\/uploads\/2014\/04\/DSCN2674-1024x768.jpg\" alt=\"DSCN2674\" width=\"750\" height=\"562\" srcset=\"http:\/\/www.issigeac.info\/wp-content\/uploads\/2014\/04\/DSCN2674-1024x768.jpg 1024w, http:\/\/www.issigeac.info\/wp-content\/uploads\/2014\/04\/DSCN2674-300x225.jpg 300w, http:\/\/www.issigeac.info\/wp-content\/uploads\/2014\/04\/DSCN2674.jpg 1152w\" sizes=\"auto, (max-width: 750px) 100vw, 750px\" \/><\/a><\/p>\n","protected":false},"excerpt":{"rendered":"<p>Issigeac est une cit\u00e9 m\u00e9di\u00e9vale d&#8217;origine gallo-romaine (voir ici), dont les traces connues les plus anciennes remontent au IV\u00b0 si\u00e8cle. Le site, quant \u00e0 lui \u00e9tait occup\u00e9 depuis bien plus <a class=\"more-link\" href=\"http:\/\/www.issigeac.info\/?page_id=240\">Suite&hellip; &rarr;<\/a><\/p>\n","protected":false},"author":1,"featured_media":0,"parent":0,"menu_order":0,"comment_status":"closed","ping_status":"open","template":"","meta":{"footnotes":""},"class_list":["post-240","page","type-page","status-publish","hentry"],"_links":{"self":[{"href":"http:\/\/www.issigeac.info\/index.php?rest_route=\/wp\/v2\/pages\/240","targetHints":{"allow":["GET"]}}],"collection":[{"href":"http:\/\/www.issigeac.info\/index.php?rest_route=\/wp\/v2\/pages"}],"about":[{"href":"http:\/\/www.issigeac.info\/index.php?rest_route=\/wp\/v2\/types\/page"}],"author":[{"embeddable":true,"href":"http:\/\/www.issigeac.info\/index.php?rest_route=\/wp\/v2\/users\/1"}],"replies":[{"embeddable":true,"href":"http:\/\/www.issigeac.info\/index.php?rest_route=%2Fwp%2Fv2%2Fcomments&post=240"}],"version-history":[{"count":29,"href":"http:\/\/www.issigeac.info\/index.php?rest_route=\/wp\/v2\/pages\/240\/revisions"}],"predecessor-version":[{"id":1711,"href":"http:\/\/www.issigeac.info\/index.php?rest_route=\/wp\/v2\/pages\/240\/revisions\/1711"}],"wp:attachment":[{"href":"http:\/\/www.issigeac.info\/index.php?rest_route=%2Fwp%2Fv2%2Fmedia&parent=240"}],"curies":[{"name":"wp","href":"https:\/\/api.w.org\/{rel}","templated":true}]}}