{"id":2450,"date":"2021-07-16T21:00:19","date_gmt":"2021-07-16T19:00:19","guid":{"rendered":"http:\/\/www.issigeac.info\/?page_id=2450"},"modified":"2022-07-08T19:23:50","modified_gmt":"2022-07-08T17:23:50","slug":"le-sentier-du-faurissou","status":"publish","type":"page","link":"http:\/\/www.issigeac.info\/?page_id=2450","title":{"rendered":"Le Sentier de d\u00e9couverte du Faurissou"},"content":{"rendered":"\n<p>Le Sentier de d\u00e9couverte du Faurissou est un chemin d&#8217;interpr\u00e9tation afin de faire comprendre \u00e0 tous combien la nature est g\u00e9n\u00e9reuse mais fragile.<br>Le site du sentier est bas\u00e9 sur une zone dite &#8220;humide&#8221; dot\u00e9e de caract\u00e9ristiques particuli\u00e8res en mati\u00e8re de milieux naturels habit\u00e9s par une faune et une flore tr\u00e8s particuli\u00e8res. Des esp\u00e8ces rares et prot\u00e9g\u00e9es y sont&nbsp;pr\u00e9sentes.<\/p>\n\n\n\n<div class=\"wp-block-image\"><figure class=\"alignright size-large is-resized\"><a href=\"http:\/\/www.issigeac.info\/wp-content\/uploads\/2021\/07\/livret-pierrot-couv.jpg\"><img loading=\"lazy\" decoding=\"async\" src=\"http:\/\/www.issigeac.info\/wp-content\/uploads\/2021\/07\/livret-pierrot-couv.jpg\" alt=\"\" class=\"wp-image-2451\" width=\"176\" height=\"245\" srcset=\"http:\/\/www.issigeac.info\/wp-content\/uploads\/2021\/07\/livret-pierrot-couv.jpg 321w, http:\/\/www.issigeac.info\/wp-content\/uploads\/2021\/07\/livret-pierrot-couv-215x300.jpg 215w\" sizes=\"auto, (max-width: 176px) 100vw, 176px\" \/><\/a><figcaption>Livret p\u00e9dagogique Pierrot le petit \u00e9cologue<\/figcaption><\/figure><\/div>\n\n\n\n<p>Gr\u00e2ce \u00e0 la pr\u00e9servation de ce type d&#8217;espace, nous soutenons la nature et nous pr\u00e9servons \u00e9galement nos vies car ces &#8216;zones Humides&#8217; participent \u00e0 l&#8217;alimentation des nappes phr\u00e9atiques si pr\u00e9cieuses.<br>\u00c0 travers des dispositifs p\u00e9dagogiques, vous comprendrez la diversit\u00e9 des habitats et de ses habitants.<\/p>\n\n\n\n<p>Laissez-vous accompagner par Pierrot, le petit \u00e9cologue, pour aiguiser votre curiosit\u00e9 et observer Dame Nature.<br><em>Itin\u00e9raire p\u00e9destre de 1,5km, aux abords du bourg d&#8217;Issigeac &#8211; face \u00e0 l&#8217;\u00e9cole et \u00e0 la Maison des services &#8211; chemins des \u00e9coliers 24560 Issigeac<\/em><\/p>\n\n\n\n<div class=\"wp-block-image is-style-default\"><figure class=\"alignright size-large is-resized\"><a href=\"http:\/\/www.issigeac.info\/wp-content\/uploads\/2021\/07\/affiche-A4-Santier-Faurissou.jpg\"><img loading=\"lazy\" decoding=\"async\" src=\"http:\/\/www.issigeac.info\/wp-content\/uploads\/2021\/07\/affiche-A4-Santier-Faurissou.jpg\" alt=\"\" class=\"wp-image-2456\" width=\"342\" height=\"485\" srcset=\"http:\/\/www.issigeac.info\/wp-content\/uploads\/2021\/07\/affiche-A4-Santier-Faurissou.jpg 456w, http:\/\/www.issigeac.info\/wp-content\/uploads\/2021\/07\/affiche-A4-Santier-Faurissou-212x300.jpg 212w\" sizes=\"auto, (max-width: 342px) 100vw, 342px\" \/><\/a><\/figure><\/div>\n\n\n\n<p><\/p>\n","protected":false},"excerpt":{"rendered":"<p>Le Sentier de d\u00e9couverte du Faurissou est un chemin d&#8217;interpr\u00e9tation afin de faire comprendre \u00e0 tous combien la nature est g\u00e9n\u00e9reuse mais fragile.Le site du sentier est bas\u00e9 sur une <a class=\"more-link\" href=\"http:\/\/www.issigeac.info\/?page_id=2450\">Suite&hellip; &rarr;<\/a><\/p>\n","protected":false},"author":8,"featured_media":2460,"parent":240,"menu_order":2,"comment_status":"closed","ping_status":"closed","template":"","meta":{"footnotes":""},"class_list":["post-2450","page","type-page","status-publish","has-post-thumbnail","hentry"],"_links":{"self":[{"href":"http:\/\/www.issigeac.info\/index.php?rest_route=\/wp\/v2\/pages\/2450","targetHints":{"allow":["GET"]}}],"collection":[{"href":"http:\/\/www.issigeac.info\/index.php?rest_route=\/wp\/v2\/pages"}],"about":[{"href":"http:\/\/www.issigeac.info\/index.php?rest_route=\/wp\/v2\/types\/page"}],"author":[{"embeddable":true,"href":"http:\/\/www.issigeac.info\/index.php?rest_route=\/wp\/v2\/users\/8"}],"replies":[{"embeddable":true,"href":"http:\/\/www.issigeac.info\/index.php?rest_route=%2Fwp%2Fv2%2Fcomments&post=2450"}],"version-history":[{"count":8,"href":"http:\/\/www.issigeac.info\/index.php?rest_route=\/wp\/v2\/pages\/2450\/revisions"}],"predecessor-version":[{"id":2628,"href":"http:\/\/www.issigeac.info\/index.php?rest_route=\/wp\/v2\/pages\/2450\/revisions\/2628"}],"up":[{"embeddable":true,"href":"http:\/\/www.issigeac.info\/index.php?rest_route=\/wp\/v2\/pages\/240"}],"wp:featuredmedia":[{"embeddable":true,"href":"http:\/\/www.issigeac.info\/index.php?rest_route=\/wp\/v2\/media\/2460"}],"wp:attachment":[{"href":"http:\/\/www.issigeac.info\/index.php?rest_route=%2Fwp%2Fv2%2Fmedia&parent=2450"}],"curies":[{"name":"wp","href":"https:\/\/api.w.org\/{rel}","templated":true}]}}