{"id":29,"date":"2014-04-15T09:50:40","date_gmt":"2014-04-15T07:50:40","guid":{"rendered":"http:\/\/www.issigeac.info\/?page_id=29"},"modified":"2021-06-06T18:03:39","modified_gmt":"2021-06-06T16:03:39","slug":"repertoire","status":"publish","type":"page","link":"http:\/\/www.issigeac.info\/?page_id=29","title":{"rendered":"Services"},"content":{"rendered":"<p><strong style=\"line-height: 1.5em;\">Mairie<\/strong><span style=\"line-height: 1.5em;\"><strong>\u00a0d&#8217;Issigeac<\/strong>:\u00a005 53 58 70 32.<\/span><\/p>\n<p><strong style=\"line-height: 1.5em;\">CCPSP<\/strong><span style=\"line-height: 1.5em;\">, communaut\u00e9 de communes Portes Sud P\u00e9rigord, antenne d&#8217;Issigeac : 05 53 22 57 94<\/span><\/p>\n<p><a title=\"D\u00e9chetterie\" href=\"http:\/\/www.issigeac.info\/?page_id=147\"><strong>D\u00e9chetterie<\/strong><\/a>\u00a0: 05 53 73 34 46 \/ <strong>SMD3<\/strong> :\u00a005.\u200953.\u200958\u2009.55.\u200955 ou smd3.fr \/ <strong>SAUR<\/strong>\u00a0(adduction d&#8217;eau), Colombier : 05 53 58 28 08<\/p>\n<p><b>\u00c9cole d&#8217;Issigeac<\/b>\u2009: 05\u2009.53\u2009.58\u2009.70\u2009.71 \/\u00a0<b>Garderie<\/b> \u2009: 05.53.73.30.07 \/\u00a0<b>Cantine <\/b>\u2009 : 05\u2009.53\u2009.73\u2009.30\u2009.07<\/p>\n<p><b>ADMR Castidr\u00f4le<\/b>\u2009: 05\u2009.53.\u200936.\u200993\u2009.11 (castidrole@orange.fr)<\/p>\n<p><b>Gendarmerie<\/b>\u00a0<strong>(17)<\/strong> \u00a0Issigeac\u2009: lun. et mer. 14h-18h\u2009 (sauf jours f\u00e9ri\u00e9s) 05.53.73.52.80 \/\u00a0Sigoul\u00e8s\u2009: tous les jours sauf dim et jours f\u00e9ri\u00e9s 8h-12h et 14h-19h\u2009; Un interlocuteur r\u00e9pondra aux appels\u00a0et d\u00e9clenchera, selon l&#8217;utilit\u00e9, une patrouille.<\/p>\n<p><strong>Pompiers<\/strong>\u00a0: 18<\/p>\n<p><strong>La Poste<\/strong>\u00a0: 05 53 58 70 49 (guichet), 05 53 22 70 29 (distribution)<\/p>\n<p><strong><a title=\"Services de sant\u00e9 sur Issigeac\" href=\"http:\/\/www.issigeac.info\/?page_id=31\">Sant\u00e9<\/a><\/strong><\/p>\n<p><strong>CIAS<\/strong>,\u00a0<b>(Action Sociale \/ CCPSP)<\/b> :\u00a005.53.22.57.94<\/p>\n<p><strong><a href=\"http:\/\/www.issigeac.fr\">Office du tourisme<\/a><\/strong>, place du ch\u00e2teau : 05 53 58 79 62<\/p>\n<p><strong><a href=\"http:\/\/blog.issigeac.net\/pages\/Liste-des-associations-issigeacoises\">Associations<\/a><\/strong><\/p>\n<p><a title=\"Biblioth\u00e8que\" href=\"http:\/\/www.issigeac.info\/?page_id=183\"><strong>Biblioth\u00e8que<\/strong><\/a>\u00a0: 05 53 58 70 32 (mairie)<\/p>\n<p><strong>Cabinet d&#8217;avocat<\/strong> :\u00a0Ma\u00eetre Christophe Parier.\u00a0Cabinet ouvert le samedi et le dimanche matin.\u00a0Autres jours en fonction de l&#8217;activit\u00e9 (47 Grand Rue 24560 Issigeac \/ 06.08.77.44.85)<\/p>\n\n\n<p><\/p>\n","protected":false},"excerpt":{"rendered":"<p>Mairie\u00a0d&#8217;Issigeac:\u00a005 53 58 70 32. CCPSP, communaut\u00e9 de communes Portes Sud P\u00e9rigord, antenne d&#8217;Issigeac : 05 53 22 57 94 D\u00e9chetterie\u00a0: 05 53 73 34 46 \/ SMD3 :\u00a005.\u200953.\u200958\u2009.55.\u200955 ou <a class=\"more-link\" href=\"http:\/\/www.issigeac.info\/?page_id=29\">Suite&hellip; &rarr;<\/a><\/p>\n","protected":false},"author":1,"featured_media":0,"parent":0,"menu_order":0,"comment_status":"closed","ping_status":"open","template":"","meta":{"footnotes":""},"class_list":["post-29","page","type-page","status-publish","hentry"],"_links":{"self":[{"href":"http:\/\/www.issigeac.info\/index.php?rest_route=\/wp\/v2\/pages\/29","targetHints":{"allow":["GET"]}}],"collection":[{"href":"http:\/\/www.issigeac.info\/index.php?rest_route=\/wp\/v2\/pages"}],"about":[{"href":"http:\/\/www.issigeac.info\/index.php?rest_route=\/wp\/v2\/types\/page"}],"author":[{"embeddable":true,"href":"http:\/\/www.issigeac.info\/index.php?rest_route=\/wp\/v2\/users\/1"}],"replies":[{"embeddable":true,"href":"http:\/\/www.issigeac.info\/index.php?rest_route=%2Fwp%2Fv2%2Fcomments&post=29"}],"version-history":[{"count":18,"href":"http:\/\/www.issigeac.info\/index.php?rest_route=\/wp\/v2\/pages\/29\/revisions"}],"predecessor-version":[{"id":2582,"href":"http:\/\/www.issigeac.info\/index.php?rest_route=\/wp\/v2\/pages\/29\/revisions\/2582"}],"wp:attachment":[{"href":"http:\/\/www.issigeac.info\/index.php?rest_route=%2Fwp%2Fv2%2Fmedia&parent=29"}],"curies":[{"name":"wp","href":"https:\/\/api.w.org\/{rel}","templated":true}]}}