{"id":3106,"date":"2024-03-20T22:37:33","date_gmt":"2024-03-20T20:37:33","guid":{"rendered":"http:\/\/www.issigeac.info\/?page_id=3106"},"modified":"2025-08-14T10:29:19","modified_gmt":"2025-08-14T08:29:19","slug":"centenaire-dolga","status":"publish","type":"page","link":"http:\/\/www.issigeac.info\/?page_id=3106","title":{"rendered":"Centenaire d&#8217;Olga"},"content":{"rendered":"\n<p>Le 4 avril 2024, Olga Dubois, n\u00e9e Germain, a f\u00eat\u00e9 ses cent ans. Elle a longtemps tenu le caf\u00e9 de la Paix rue de Cardenal.<\/p>\n\n\n\n<p>Le 7 avril 2024, vous \u00eates venus nombreux \u00e0 la salle multi-activit\u00e9s pour f\u00eater le centenaire d&#8217;Olga, au lendemain de la double victoire de l&#8217;UAI, club de rugby dont elle est pr\u00e9sidente d&#8217;honneur. <\/p>\n\n\n\n<p>Plusieurs personnes ont tenu \u00e0 lui laisser un <a href=\"https:\/\/youtu.be\/XydlFOTdLb4\" data-type=\"link\" data-id=\"https:\/\/youtu.be\/XydlFOTdLb4\">message video<\/a> (dur\u00e9e totale d&#8217;environ 22 mn).<\/p>\n\n\n\n<figure class=\"wp-block-image size-large\"><a href=\"http:\/\/www.issigeac.info\/wp-content\/uploads\/2024\/04\/IMG_0475-scaled.jpeg\"><img loading=\"lazy\" decoding=\"async\" width=\"1024\" height=\"768\" src=\"http:\/\/www.issigeac.info\/wp-content\/uploads\/2024\/04\/IMG_0475-1024x768.jpeg\" alt=\"\" class=\"wp-image-3141\" srcset=\"http:\/\/www.issigeac.info\/wp-content\/uploads\/2024\/04\/IMG_0475-1024x768.jpeg 1024w, http:\/\/www.issigeac.info\/wp-content\/uploads\/2024\/04\/IMG_0475-300x225.jpeg 300w, http:\/\/www.issigeac.info\/wp-content\/uploads\/2024\/04\/IMG_0475-768x576.jpeg 768w, http:\/\/www.issigeac.info\/wp-content\/uploads\/2024\/04\/IMG_0475-1536x1152.jpeg 1536w, http:\/\/www.issigeac.info\/wp-content\/uploads\/2024\/04\/IMG_0475-2048x1536.jpeg 2048w\" sizes=\"auto, (max-width: 1024px) 100vw, 1024px\" \/><\/a><\/figure>\n\n\n\n<p>L&#8217;image ci-dessous est extraite de <a href=\"https:\/\/dai.ly\/x8wggq6\" data-type=\"link\" data-id=\"https:\/\/dai.ly\/x8wggq6\">vid\u00e9os<\/a> d&#8217;archives tourn\u00e9es par Alain Dubois et projet\u00e9es sur place.<\/p>\n\n\n\n<figure class=\"wp-block-image size-full\"><a href=\"http:\/\/www.issigeac.info\/wp-content\/uploads\/2024\/03\/Olga-cafe.jpg\"><img loading=\"lazy\" decoding=\"async\" width=\"768\" height=\"576\" src=\"http:\/\/www.issigeac.info\/wp-content\/uploads\/2024\/03\/Olga-cafe.jpg\" alt=\"\" class=\"wp-image-3118\" srcset=\"http:\/\/www.issigeac.info\/wp-content\/uploads\/2024\/03\/Olga-cafe.jpg 768w, http:\/\/www.issigeac.info\/wp-content\/uploads\/2024\/03\/Olga-cafe-300x225.jpg 300w\" sizes=\"auto, (max-width: 768px) 100vw, 768px\" \/><\/a><\/figure>\n\n\n\n<p><a href=\"https:\/\/youtu.be\/zeRjcI9BqFQ\" data-type=\"link\" data-id=\"https:\/\/youtu.be\/zeRjcI9BqFQ\">Discours hommage lu par V\u00e9ro<\/a> :<\/p>\n\n\n\n<p>Tres Ch\u00e8re Olga,<\/p>\n\n\n\n<p>En ce jour exceptionnel, qui vous voit devenir centenaire, <br>quoi de plus joyeux qu&#8217;un bel hommage <br>pour cet extraordinaire anniversaire.<\/p>\n\n\n\n<p>Ne soyez pas surprise qu&#8217;on soit si nombreux autour de vous.<br>Bien s\u00fbr vous \u00eates la Maman, la M\u00e9m\u00e9, la grand M\u00e9m\u00e9, la grand grand M\u00e9m\u00e9, m\u00eame, d&#8217;une belle et nombreuse famille dont vous \u00eates fi\u00e8re mais c&#8217;est surtout la grande famille des \u00ab jeunes \u00bb du caf\u00e9 qui vous entoure aujourd&#8217;hui de son affection.<br>Nous vous aimons tant et tellement Ch\u00e8re Olga. Et l&#8217;occasion nous est donn\u00e9e, gr\u00e2ce \u00e0 la belle initiative de vos petits enfants, de vous dire merci pour tous les moments inoubliables de notre jeunesse. Merci de nous avoir rendus riches de tous ces beaux souvenirs.<br>En nous recevant dans votre caf\u00e9, vous avez entour\u00e9 des g\u00e9n\u00e9rations de jeunes de toute votre sagesse et de toute votre tendresse.<\/p>\n\n\n\n<p>Ce caf\u00e9, vous y avez \u00e9t\u00e9 serveuse pendant la guerre et c&#8217;est en 1960, encourag\u00e9e par Titi, votre mari bien aim\u00e9, que vous en devenez propri\u00e9taire.<br>\u00c0 partir de ce moment, tout en \u00e9levant vos 5 gar\u00e7ons, vous allez cr\u00e9er un vrai lieu, votre lieu. Car chez Olga, ce n&#8217;\u00e9tait pas un bistrot de poivrots mais c&#8217;\u00e9tait une atmosph\u00e8re, un lieu de rendez-vous, un autre chez nous.<\/p>\n\n\n\n<p>Alors, si vous le voulez bien, voyageons dans le temps, poussons encore une fois, la porte du Caf\u00e9 de la Paix :<\/p>\n\n\n\n<ul class=\"wp-block-list\">\n<li>\ufeff\ufeffla t\u00e9l\u00e9 est allum\u00e9e, comme toujours avec Olga d&#8217;ailleurs. A une \u00e9poque, ne pas oublier qu&#8217;elle \u00e9tait la seule \u00e0 la d\u00e9tenir et beaucoup du village, je pense aux Legal, y passait leur soir\u00e9e ;<\/li>\n\n\n\n<li>\ufeff\ufeffdans l&#8217;\u00e9vier, trempe la vaisselle avec toujours une goutte de javel, la Patronne est \u00e0 cheval sur l&#8217;hygi\u00e8ne ;<\/li>\n\n\n\n<li>\ufeff\ufeffle grand miroir face \u00e0 la porte nous renvoie le beau sourire d&#8217;Olga.<\/li>\n<\/ul>\n\n\n\n<p>Fermez les yeux, il est midi, \u00e0 la table \u00e0 gauche, les verres sont en place, face \u00e0 eux le Russe, l&#8217;Anglais, le p\u00e8re Denuel et Jacquot Ribi\u00e8re dit la Pipe. Avant eux, avec discr\u00e9tion, les femmes sont venues boire leur Dubonnet, la m\u00e9m\u00e9 Boineau accompagn\u00e9e de la Gis\u00e8le,sa belle fille, la Titou et Antoinette Lescure, la tante de Martine\u2026<\/p>\n\n\n\n<p>On entre, on sort, on boit un verre, plut\u00f4t deux, on loue la beaut\u00e9 d&#8217;Olga, le dimanche, on vient faire son tierc\u00e9 aupr\u00e8s de Titi, le p\u00e8re Grignon, \u00e0 la table de belote refait le monde en gueulant, B\u00e9bert le beau-fr\u00e8re raconte l&#8217;Indochine, la Miette et Armand parlent de robinets\u2026<\/p>\n\n\n\n<p>C&#8217;est un caf\u00e9 de village, un caf\u00e9 d&#8217;habitu\u00e9s !<br>Si vous n&#8217;\u00eates pas d&#8217;Issigeac, vous \u00eates perdus, car difficile de savoir qui est qui ici, o\u00f9 chacun est affubl\u00e9 d&#8217;un sobriquet.<\/p>\n\n\n\n<p>Autour de Joliette, le premier, jamais en reste, suivent ses copains Nano, Neness, Charly, Ninou et m\u00eame Dany.<br>Devant des Pastis, des heures durant, il y a Baba, Bibi et surtout Baby !<br>Plus tard, dans la soir\u00e9e, arrivent les assoiff\u00e9s du dijo, Grand Sec ou Chat maigre, Chocolat, le Dr\u00f4le, la Calotte du Cepe et Joseph payent les tourn\u00e9es de Triple sec et de Jet.<\/p>\n\n\n\n<p>Le dimanche apr\u00e8s midi, apr\u00e8s le rugby, les filles viennent se mettre au chaud et jouer au loto.<br>En attendant leurs amoureux, elles crient \u00ab quine \u00bb aux num\u00e9ros annonc\u00e9s par Titi.<\/p>\n\n\n\n<p>Les \u00ab Touille Touille, &#8211; Quine \u00e0 la salle des F\u00eates, &#8211; Caf\u00e9 de l&#8217;Europe au t\u00e9l\u00e9phone \u00bb r\u00e9sonnent encore dans nos t\u00eates\u2026<\/p>\n\n\n\n<p>Et c&#8217;est aussi chez Olga, devant ses yeux bienveillants, que les couples se forment pour la vie, Chantal et Jean-Pierre, les V\u00e9ro et Philippe, Marie-France et Yves, Jean-Pierre et Nathalie et tant d&#8217;autres\u2026<\/p>\n\n\n\n<p>L&#8217;ambiance est \u00e0 l&#8217;int\u00e9rieur mais aussi \u00e0 l&#8217;ext\u00e9rieur.<\/p>\n\n\n\n<p>Aux beaux jours, on s&#8217;installe sur le trottoir. Les voisines, Tantane, Domie et Viviane discutent en fumant; les gar\u00e7ons roulent des muscles en pliant les panneaux de signalisation, Philippe Marcelot et Jean-Marc Conte se reconna\u00eetront\u2026 Certains font du Karat\u00e9 dans la rue, d&#8217;autres de la Boxe. D&#8217;autres encore, Pompon, Riquet, Baby orchestr\u00e9s par Cathy lancent leurs b\u00e2tons de majorettes au milieu de la rue, d\u00e9part de la kermesse.<\/p>\n\n\n\n<p>Aux grandes heures de l&#8217;ap\u00e9ro des ann\u00e9es 80, on se bouscule autour du comptoir : un verre \u00e0 la main, Doudou, Bibiche, Mamouth, Calou, le Tueur de Mouches, Riri, Jean-Patrick et la Fraise chantent pendant que Bouich, dit le Nain, fait sauter les clous de la paroi du zinc en battant la mesure.<br>Les Belles au mascara ne sont pas en reste, la Zouzoune, Patou, Maryse, Mme Castagn\u00e9 allias Marielle, Germine, les Carm\u00e9lites et moi-m\u00eame y vont du refrain jusqu&#8217;\u00e0 l&#8217;apoth\u00e9ose o\u00f9, le Rat monte sur le comptoir, baisse son pantalon et montre ses fesses. Vous vous souvenez du miroir\u2026 c&#8217;est l\u00e0 qu&#8217;il avait toute son importance !!!!<\/p>\n\n\n\n<p>Alors que quelquefois les limites du raisonnable \u00e9taient franchies, Olga toujours veillait. Elle planquait les clefs des voitures, faisait cuire des p\u00e2tes, couvrait les endormis\u2026<br>Cette galerie de portraits aux cocasses sobriquets a entour\u00e9 Olga jusqu&#8217;\u00e0 ce moment jamais imagin\u00e9, la fermeture d\u00e9finitive de NOTRE caf\u00e9.<\/p>\n\n\n\n<p>Il fallait bien qu&#8217;elle se repose notre Olga, elle qui a toujours \u00e9t\u00e9 fid\u00e8le au poste, sans jamais un jour de fermeture; elle sortait peu, pas de courses chez Tissu ou chez Martignag seulement quelques achats chez Melle Gay.<br>Ne lui parlez pas non plus de caisse enregistreuse, le tiroir s&#8217;ouvrait souvent et pour les moins riches, le cahier fonctionnait beaucoup.<br>J&#8217;esp\u00e8re que tout ce qui a \u00e9t\u00e9 bu a \u00e9t\u00e9 pay\u00e9, mais j&#8217;en doute, Olga \u00e9tait trop g\u00e9n\u00e9reuse pour r\u00e9clamer.<\/p>\n\n\n\n<p>\u00c0 cette \u00e9poque, les r\u00e9seaux sociaux et leur lot de solitude et d&#8217;isolement n&#8217;existaient pas, fort heureusement.<br>Chez Olga, tout au contraire, on se regroupait, on parlait beaucoup et, souvent, on rapprochait les tables pour jouer au Tarot.<br>L\u00e0, Chauv, roi de la garde sans, avait devant lui pour rench\u00e9rir, D\u00e9d\u00e9. Celui-ci posait sa cigarette sur le paquet de cartes o\u00f9 si elle tenait droite, annon\u00e7ait, garde contre.<br>Olga m\u00eame apr\u00e8s l&#8217;heure l\u00e9gale, pour ne pas avoir d&#8217;appel, fermait les rideaux et, avec Fran\u00e7oise encore en treillis, riaient de nous voir jouer, tout en essuyant la vaisselle.<\/p>\n\n\n\n<p>Allez, j&#8217;arr\u00eate l\u00e0 car on pourrait noircir des pages et des pages pour relater toute cette vie de caf\u00e9.<br>Excusez mes \u00e9lucubrations de souvenirs, que ceux que je n&#8217;ai pas nomm\u00e9 me pardonnent ainsi que tous ceux qui sont partis trop t\u00f4t, de toute fa\u00e7on, on fait tous partie de la grande famille d&#8217;Olga.<br>S&#8217;il vous pla\u00eet, suivez-moi une derni\u00e8re fois, passons par la porte du c\u00f4t\u00e9, et cette fois pas pour pisser, il est temps de refermer la porte du caf\u00e9.<\/p>\n\n\n\n<p>Ch\u00e8re Olga, vous \u00eates pr\u00e9cieuse \u00e0 nos yeux pour votre beaut\u00e9 de reine et votre bienveillance envers nous tous. D&#8217;ailleurs, encore et toujours, vous \u00eates entour\u00e9e de jeunesse avec les joueurs de rugby, vous qui \u00eates Pr\u00e9sidente d&#8217;honneur et Premi\u00e8re Supportrice de l&#8217;UAI.<\/p>\n\n\n\n<p>Je sais que vous n&#8217;aimez pas la nostalgie, que vous n&#8217;\u00eates pas pass\u00e9iste, vous qui \u00eates, d\u00e9finitivement tourn\u00e9e vers l&#8217;avenir.<br>Alors f\u00e9licitations encore pour votre long\u00e9vit\u00e9 et sachez, tr\u00e8s ch\u00e8re Olga que vous \u00eates dans nos c\u0153urs pour l&#8217;\u00e9ternit\u00e9.<\/p>\n\n\n\n<p class=\"has-text-align-right\">V\u00e9ro Chauveau-Lafor\u00eat \/ 7 avril 2024<\/p>\n","protected":false},"excerpt":{"rendered":"<p>Le 4 avril 2024, Olga Dubois, n\u00e9e Germain, a f\u00eat\u00e9 ses cent ans. Elle a longtemps tenu le caf\u00e9 de la Paix rue de Cardenal. Le 7 avril 2024, vous <a class=\"more-link\" href=\"http:\/\/www.issigeac.info\/?page_id=3106\">Suite&hellip; &rarr;<\/a><\/p>\n","protected":false},"author":1,"featured_media":0,"parent":0,"menu_order":0,"comment_status":"open","ping_status":"closed","template":"","meta":{"footnotes":""},"class_list":["post-3106","page","type-page","status-publish","hentry"],"_links":{"self":[{"href":"http:\/\/www.issigeac.info\/index.php?rest_route=\/wp\/v2\/pages\/3106","targetHints":{"allow":["GET"]}}],"collection":[{"href":"http:\/\/www.issigeac.info\/index.php?rest_route=\/wp\/v2\/pages"}],"about":[{"href":"http:\/\/www.issigeac.info\/index.php?rest_route=\/wp\/v2\/types\/page"}],"author":[{"embeddable":true,"href":"http:\/\/www.issigeac.info\/index.php?rest_route=\/wp\/v2\/users\/1"}],"replies":[{"embeddable":true,"href":"http:\/\/www.issigeac.info\/index.php?rest_route=%2Fwp%2Fv2%2Fcomments&post=3106"}],"version-history":[{"count":18,"href":"http:\/\/www.issigeac.info\/index.php?rest_route=\/wp\/v2\/pages\/3106\/revisions"}],"predecessor-version":[{"id":3396,"href":"http:\/\/www.issigeac.info\/index.php?rest_route=\/wp\/v2\/pages\/3106\/revisions\/3396"}],"wp:attachment":[{"href":"http:\/\/www.issigeac.info\/index.php?rest_route=%2Fwp%2Fv2%2Fmedia&parent=3106"}],"curies":[{"name":"wp","href":"https:\/\/api.w.org\/{rel}","templated":true}]}}