{"id":3381,"date":"2025-08-13T10:29:16","date_gmt":"2025-08-13T08:29:16","guid":{"rendered":"http:\/\/www.issigeac.info\/?page_id=3381"},"modified":"2025-08-27T15:11:04","modified_gmt":"2025-08-27T13:11:04","slug":"exposition-issigeac-dans-les-annees-1960-1970","status":"publish","type":"page","link":"http:\/\/www.issigeac.info\/?page_id=3381","title":{"rendered":"Exposition \u00ab Issigeac dans les ann\u00e9es 1960-1970 \u00bb"},"content":{"rendered":"\n<p>Photos d&#8217;Alain Serge Dubois<\/p>\n\n\n\n<p>Exposition organis\u00e9e par l&#8217;association Issigeac Passion Patrimoine, avec l&#8217;Office de Tourisme Portes Sud P\u00e9rigord, du 17 au 31 ao\u00fbt 2025.<\/p>\n\n\n\n<p>Retrouvez sur <a href=\"https:\/\/youtu.be\/_V_nsAf56hM\">Youtube<\/a> la <a href=\"https:\/\/youtu.be\/_V_nsAf56hM\">vid\u00e9o cr\u00e9\u00e9e par intelligence artificielle<\/a> \u00e0 partir de certaines photos expos\u00e9es, ainsi que la <a href=\"https:\/\/youtu.be\/m-zn9JrUYdc\" data-type=\"link\" data-id=\"https:\/\/youtu.be\/m-zn9JrUYdc\">vid\u00e9o panoramique du vernissage<\/a> qui s&#8217;est d\u00e9roul\u00e9 le 17 ao\u00fbt 2025 (n&#8217;h\u00e9sitez pas \u00e0 tourner votre t\u00e9l\u00e9phone ou tablette lors du visionnage ou, sur ordinateur, \u00e0 faire glisser la vid\u00e9o dans la direction que vous souhaitez).<\/p>\n\n\n\n<p><strong>Photo 1<\/strong> : construction d&#8217;une habitation contre un ancien moulin (\u00e0 l&#8217;angle du passage du moulin et du chemin du moulin).<\/p>\n\n\n\n<p><strong>Photo 2<\/strong> : \u00ab pont des soupirs \u00bb.<\/p>\n\n\n\n<p><strong>Photo 3<\/strong> : pompe place Mestraillat.<\/p>\n\n\n\n<p><strong>Photo 4<\/strong> : maison de la Saucisse.<\/p>\n\n\n\n<p><strong>Photos 5a et 5b<\/strong> : accident de la circulation au carrefour de la route de Castillonn\u00e8s. On aper\u00e7oit au fond de la photo 5a les anciens silos dont Yvan Roque \u00e9tait le propri\u00e9taire (l&#8217;EHPAD porte son nom).<\/p>\n\n\n\n<p><strong>Photo 6a et 6b<\/strong> : vues sur l&#8217;ancienne gendarmerie (6a) et son annexe (6b) qui servait entre autres de garage.<\/p>\n\n\n\n<p><strong>Photo 7<\/strong> : Philippe Dubois place de la Capelle. \u00c0 noter le num\u00e9ro de t\u00e9l\u00e9phone \u00e0 deux chiffres sur la fa\u00e7ade. Le b\u00e2timent \u00e0 l&#8217;arri\u00e8re plan n&#8217;\u00e9tait pas encore le Tabac-Presse.<\/p>\n\n\n\n<p><strong>Photo 8<\/strong> : destruction de l&#8217;ancien arr\u00eat d&#8217;autocar place de la capelle au d\u00e9but des ann\u00e9es 1970 (photo DR).<\/p>\n\n\n\n<p><strong>Photo 9<\/strong> : v\u00e9hicules devant la pharmacie au bout de la rue de Cardenal.<\/p>\n\n\n\n<p><strong>Photo 10<\/strong> : rue de Card\u00e9nal lors des travaux d&#8217;adduction d&#8217;eau au d\u00e9but des ann\u00e9es 1960. Vue sur le marchand de tabac \u00ab Tabatou \u00bb \u00e0 droite. Panneau signalant la gendarmerie .<\/p>\n\n\n\n<p><strong>Photo 11<\/strong> : Le caf\u00e9 de la paix (\u00e0 gauche) et les engrais Girou (\u00e0 droite).<\/p>\n\n\n\n<p><strong>Photo 12<\/strong> : Fran\u00e7oise Armandie pause rue de Cardenal (\u00e0 l&#8217;arri\u00e8re plan, la maison des t\u00eates)<\/p>\n\n\n\n<p><strong>Photo 13<\/strong> : le bazar, et la boucherie rue de Cardenal (la plaque &#8220;A. Dubois est encore pr\u00e9sente sur la maison des t\u00eates).<\/p>\n\n\n\n<p><strong>Photo 14<\/strong> : vue sur l&#8217;entr\u00e9e lat\u00e9rale du \u00ab Lion d&#8217;Or \u00bb depuis une fen\u00eatre de la maison des t\u00eates.<\/p>\n\n\n\n<p><strong>Photo 15a<\/strong> : le Cr\u00e9dit Agricole Mutuel dans la Grand rue.<\/p>\n\n\n\n<p><strong>Photo 15b<\/strong> : \u00e0 l&#8217;arri\u00e8re plan, la COOP et l&#8217;h\u00f4tel du midi.<\/p>\n\n\n\n<p><strong>Photo 16<\/strong> : spectacle de marionnettes place de l&#8217;\u00e9glise.<\/p>\n\n\n\n<p><strong>Photo 17<\/strong> : int\u00e9rieur de l&#8217;\u00e9glise pris depuis le premier \u00e9tage du clocher. Noter la barri\u00e8re en bas du clich\u00e9.<\/p>\n\n\n\n<p><strong>Photo 18<\/strong> : le magasin de chaussures.<\/p>\n\n\n\n<p><strong>Photo 19<\/strong> : une troupe de Montauban lors d&#8217;une f\u00eate estivale.<\/p>\n\n\n\n<p><strong>Photo 20<\/strong> : la place du Peyrat avec sa station essence dans les ann\u00e9es 1960.<\/p>\n\n\n\n<p><strong>Photo 21<\/strong> : les pompes \u00e0 essence des D\u00eemes, habill\u00e9es \u00ab eau potable \u00bb et \u00ab eau non potable \u00bb en 1977 pour un court-m\u00e9trage de science-fiction, \u00ab Opzone 24 \u00bb, diffus\u00e9 sur FR3.<\/p>\n\n\n\n<p><strong>Photo 22<\/strong> : les bords de la Ban\u00e8ge avec des arbres fra\u00eechement plant\u00e9s aux abords du terrain de rugby.<\/p>\n\n\n\n<p><strong>Photo 23<\/strong> : comp\u00e9tition d&#8217;\u00e9quitation sur le terrain de rugby pr\u00e8s de la route de Bergerac.<\/p>\n\n\n\n<p><strong>Photo 24<\/strong> : match de rugby avec vue sur l&#8217;entr\u00e9e nord du village.<\/p>\n\n\n\n<p><strong>Photo A<\/strong> : l&#8217;horloger, M. Zardini, devant un m\u00e9canisme, place de l&#8217;\u00e9glise.<\/p>\n\n\n\n<p><strong>Photo B<\/strong> : Andr\u00e9 Labrot, restaurateur \u00e0 l&#8217;ancienne gare, au pied du Palais des \u00c9v\u00eaques.<\/p>\n\n\n\n<p><strong>Photo C<\/strong> : des issigeacois\u00b7es posent sur le perron dans les ann\u00e9es 1970 (au moment de l&#8217;inauguration de la caserne de pompiers ?).<\/p>\n\n\n\n<p><strong>Photo D<\/strong> : anciens combattants sortant d&#8217;une r\u00e9union dans la salle des f\u00eates. En troisi\u00e8me position, \u00ab Tabatou \u00bb (voir photo 10).<\/p>\n\n\n\n<p><strong>Photo E<\/strong> : meeting politique de Jean-Pierre Vaubal (maire de Faux et conseiller g\u00e9n\u00e9ral d&#8217;Issigeac)<\/p>\n\n\n\n<p><strong>Photo F<\/strong> : la salle des f\u00eates comble lors d&#8217;une f\u00eate des \u00e9coles.<\/p>\n\n\n\n<p><strong>Photo G<\/strong> : MM. Delpeyrou et Yvan Roque (propri\u00e9taire des silos, qui a donn\u00e9 son nom \u00e0 la maison de retraite qui occupe d\u00e9sormais le site) aux abords de la Ban\u00e8ge lors d&#8217;un concours de p\u00eache.<\/p>\n\n\n\n<p><strong>Photo H<\/strong> : La pr\u00e9vention routi\u00e8re \u00e0 Issigeac (place F\u00e9nelon).<\/p>\n\n\n\n<p><strong>Photos i et J<\/strong> : c\u00e9r\u00e9monie aux monuments aux morts lors de l&#8217;inauguration de la caserne de pompiers.<\/p>\n\n\n\n<p><strong>Photo K<\/strong> : arriv\u00e9e d&#8217;une course cycliste route de Viller\u00e9al devant les silos, ann\u00e9es 1970.<\/p>\n\n\n\n<p><strong>Photo L<\/strong> : c\u00e9r\u00e9monie lors du d\u00e9part \u00e0 la retraite de Simone Grignon, institutrice et directrice de l&#8217;\u00e9cole.<\/p>\n\n\n\n<p>D&#8217;autres photos expos\u00e9es sur les tables ne sont pas r\u00e9f\u00e9renc\u00e9es ici.<\/p>\n\n\n\n<figure class=\"wp-block-gallery has-nested-images columns-default is-cropped wp-block-gallery-1 is-layout-flex wp-block-gallery-is-layout-flex\">\n<figure class=\"wp-block-image size-large\"><a href=\"http:\/\/www.issigeac.info\/wp-content\/uploads\/2025\/08\/Plan-photos-reponses-scaled.jpg\"><img loading=\"lazy\" decoding=\"async\" width=\"1024\" height=\"724\" data-id=\"3398\" src=\"http:\/\/www.issigeac.info\/wp-content\/uploads\/2025\/08\/Plan-photos-reponses-1024x724.jpg\" alt=\"\" class=\"wp-image-3398\" srcset=\"http:\/\/www.issigeac.info\/wp-content\/uploads\/2025\/08\/Plan-photos-reponses-1024x724.jpg 1024w, http:\/\/www.issigeac.info\/wp-content\/uploads\/2025\/08\/Plan-photos-reponses-300x212.jpg 300w, http:\/\/www.issigeac.info\/wp-content\/uploads\/2025\/08\/Plan-photos-reponses-768x543.jpg 768w, http:\/\/www.issigeac.info\/wp-content\/uploads\/2025\/08\/Plan-photos-reponses-1536x1086.jpg 1536w, http:\/\/www.issigeac.info\/wp-content\/uploads\/2025\/08\/Plan-photos-reponses-2048x1448.jpg 2048w\" sizes=\"auto, (max-width: 1024px) 100vw, 1024px\" \/><\/a><figcaption class=\"wp-element-caption\">Localisation des photos de l&#8217;exposition Issigeac dans les ann\u00e9es 1960-1970<\/figcaption><\/figure>\n<\/figure>\n\n\n\n<p><\/p>\n","protected":false},"excerpt":{"rendered":"<p>Photos d&#8217;Alain Serge Dubois Exposition organis\u00e9e par l&#8217;association Issigeac Passion Patrimoine, avec l&#8217;Office de Tourisme Portes Sud P\u00e9rigord, du 17 au 31 ao\u00fbt 2025. Retrouvez sur Youtube la vid\u00e9o cr\u00e9\u00e9e <a class=\"more-link\" href=\"http:\/\/www.issigeac.info\/?page_id=3381\">Suite&hellip; &rarr;<\/a><\/p>\n","protected":false},"author":1,"featured_media":0,"parent":0,"menu_order":0,"comment_status":"closed","ping_status":"closed","template":"","meta":{"footnotes":""},"class_list":["post-3381","page","type-page","status-publish","hentry"],"_links":{"self":[{"href":"http:\/\/www.issigeac.info\/index.php?rest_route=\/wp\/v2\/pages\/3381","targetHints":{"allow":["GET"]}}],"collection":[{"href":"http:\/\/www.issigeac.info\/index.php?rest_route=\/wp\/v2\/pages"}],"about":[{"href":"http:\/\/www.issigeac.info\/index.php?rest_route=\/wp\/v2\/types\/page"}],"author":[{"embeddable":true,"href":"http:\/\/www.issigeac.info\/index.php?rest_route=\/wp\/v2\/users\/1"}],"replies":[{"embeddable":true,"href":"http:\/\/www.issigeac.info\/index.php?rest_route=%2Fwp%2Fv2%2Fcomments&post=3381"}],"version-history":[{"count":18,"href":"http:\/\/www.issigeac.info\/index.php?rest_route=\/wp\/v2\/pages\/3381\/revisions"}],"predecessor-version":[{"id":3430,"href":"http:\/\/www.issigeac.info\/index.php?rest_route=\/wp\/v2\/pages\/3381\/revisions\/3430"}],"wp:attachment":[{"href":"http:\/\/www.issigeac.info\/index.php?rest_route=%2Fwp%2Fv2%2Fmedia&parent=3381"}],"curies":[{"name":"wp","href":"https:\/\/api.w.org\/{rel}","templated":true}]}}