{"id":339,"date":"2014-06-06T15:30:33","date_gmt":"2014-06-06T13:30:33","guid":{"rendered":"http:\/\/www.issigeac.info\/?page_id=339"},"modified":"2021-12-30T19:06:33","modified_gmt":"2021-12-30T17:06:33","slug":"transports","status":"publish","type":"page","link":"http:\/\/www.issigeac.info\/?page_id=339","title":{"rendered":"Transports"},"content":{"rendered":"<p>Issigeac se trouve \u00e0 peine \u00e0 10 mn (15km) de\u00a0l<a href=\"http:\/\/www.bergerac.aeroport.fr\" target=\"_blank\" rel=\"noopener noreferrer\">&#8216;A\u00e9roport de Bergerac-Dordogne-P\u00e9rigord,<\/a>\u00a0en direction d&#8217;Agen. L&#8217;\u00e9tat du r\u00e9seau routier local peut \u00eatre consult\u00e9 sur le site <a href=\"http:\/\/www.inforoute24.fr\" target=\"_blank\" rel=\"noopener noreferrer\">www.inforoute24.fr<\/a>\u00a0(travaux, routes barr\u00e9es, etc.).<\/p>\n<p><strong>RESEAU REGIONAL Nouvelle Aquitaine en DORDOGNE<\/strong><\/p>\n<p>Depuis le 1er septembre 2020, le r\u00e9seau r\u00e9gional Nouvelle-Aquitaine en Dordogne \u00e9volue\u00a0: nouvelles dessertes, nouveaux horaires, nouveaux services num\u00e9riques.\u00a0Toutes les informations des cars r\u00e9gionaux en Dordogne (plan du r\u00e9seau, fiches horaires, tarifs,\u2026) sont disponibles\u00a0sur le site :\u00a0<a href=\"http:\/\/- sur le site web\u00a0: https:\/\/transports.nouvelle-aquitaine.fr\/cars-regionaux\/reseau-et-horaires\/dordogne\" data-wplink-url-error=\"true\">https:\/\/transports.nouvelle-aquitaine.fr\/cars-regionaux\/reseau-et-horaires\/dordogne<\/a><\/p>\n<p>&#8211; ou par t\u00e9l\u00e9phone : 09 70 87 08 70 (appel non surtax\u00e9)<\/p>\n<p>&#8211; ou via l\u2019application mobile gratuite\u00a0: CARS NOUVELLE-AQUITAINE 24.<\/p>\n<p>Sachez que la ligne 4a fait la liaison Bergerac &#8211; Villeneuve sur Lot via Plaisance, Bouniagues et Issigeac (2 \u20ac le trajet, 3,60 \u20ac l&#8217;aller-retour) et dessert \u00e9galement l&#8217;a\u00e9roport Bergerac-Dordogne-P\u00e9rigord<\/p>\n<p><strong>Taxis :<\/strong><\/p>\n<div lang=\"fr\" xml:lang=\"fr\">\n<p id=\"p701029\">Taxi Raymond, Issigeac 05 53.61 76 74 ou 06 74.84 39 39<\/p>\n<p>Joe le Taxi, Bouniagues,\u00a006 07.02 99 75 ou 05 53.57 48 99<\/p>\n<\/div>\n<div lang=\"fr\" xml:lang=\"fr\"><\/div>\n","protected":false},"excerpt":{"rendered":"<p>Issigeac se trouve \u00e0 peine \u00e0 10 mn (15km) de\u00a0l&#8216;A\u00e9roport de Bergerac-Dordogne-P\u00e9rigord,\u00a0en direction d&#8217;Agen. L&#8217;\u00e9tat du r\u00e9seau routier local peut \u00eatre consult\u00e9 sur le site www.inforoute24.fr\u00a0(travaux, routes barr\u00e9es, etc.). RESEAU <a class=\"more-link\" href=\"http:\/\/www.issigeac.info\/?page_id=339\">Suite&hellip; &rarr;<\/a><\/p>\n","protected":false},"author":1,"featured_media":2173,"parent":29,"menu_order":0,"comment_status":"closed","ping_status":"closed","template":"","meta":{"footnotes":""},"class_list":["post-339","page","type-page","status-publish","has-post-thumbnail","hentry"],"_links":{"self":[{"href":"http:\/\/www.issigeac.info\/index.php?rest_route=\/wp\/v2\/pages\/339","targetHints":{"allow":["GET"]}}],"collection":[{"href":"http:\/\/www.issigeac.info\/index.php?rest_route=\/wp\/v2\/pages"}],"about":[{"href":"http:\/\/www.issigeac.info\/index.php?rest_route=\/wp\/v2\/types\/page"}],"author":[{"embeddable":true,"href":"http:\/\/www.issigeac.info\/index.php?rest_route=\/wp\/v2\/users\/1"}],"replies":[{"embeddable":true,"href":"http:\/\/www.issigeac.info\/index.php?rest_route=%2Fwp%2Fv2%2Fcomments&post=339"}],"version-history":[{"count":11,"href":"http:\/\/www.issigeac.info\/index.php?rest_route=\/wp\/v2\/pages\/339\/revisions"}],"predecessor-version":[{"id":2520,"href":"http:\/\/www.issigeac.info\/index.php?rest_route=\/wp\/v2\/pages\/339\/revisions\/2520"}],"up":[{"embeddable":true,"href":"http:\/\/www.issigeac.info\/index.php?rest_route=\/wp\/v2\/pages\/29"}],"wp:featuredmedia":[{"embeddable":true,"href":"http:\/\/www.issigeac.info\/index.php?rest_route=\/wp\/v2\/media\/2173"}],"wp:attachment":[{"href":"http:\/\/www.issigeac.info\/index.php?rest_route=%2Fwp%2Fv2%2Fmedia&parent=339"}],"curies":[{"name":"wp","href":"https:\/\/api.w.org\/{rel}","templated":true}]}}