{"id":35,"date":"2014-04-15T10:03:05","date_gmt":"2014-04-15T08:03:05","guid":{"rendered":"http:\/\/www.issigeac.info\/?page_id=35"},"modified":"2026-05-14T16:33:15","modified_gmt":"2026-05-14T14:33:15","slug":"communaute-de-communes-portes-sud-perigord","status":"publish","type":"page","link":"http:\/\/www.issigeac.info\/?page_id=35","title":{"rendered":"Communaut\u00e9 de communes Portes sud P\u00e9rigord"},"content":{"rendered":"<p>Herv\u00e9 Delage, Guy Vantomme et \u00c9liane De Lapoyade sont d\u00e9l\u00e9gu\u00e9s par la mairie d&#8217;Issigeac \u00e0 la <a title=\"Site de la CCPSP\" href=\"http:\/\/www.ccpsp24.fr\/\" target=\"_blank\" rel=\"noopener noreferrer\">communaut\u00e9 de communes Portes sud P\u00e9rigord<\/a>.<\/p>\n<p><strong>Le pr\u00e9sident<\/strong> de la Communaut\u00e9 de Communes Portes SudP\u00e9rigord est <strong>J\u00e9r\u00f4me Betaille<\/strong> (maire d&#8217;Eymet)<\/p>\n<p><strong>Les vices pr\u00e9sidents :<\/strong><br \/>\n1er Vice-Pr\u00e9sident : Herv\u00e9 DELAGE (sant\u00e9)<\/p>\n<p>2\u00e8me Vice-Pr\u00e9sident : Annie LANDAT (\u00e9ducation)<\/p>\n<p>3\u00e8me Vice Pr\u00e9sident : Pascal MARTY (voirie et assainissement non collectif)<\/p>\n<p>4\u00e8me Vice-Pr\u00e9sidente : Lucie GRELON (finances)<\/p>\n<p>5\u00e8me Vice Pr\u00e9sident : Emilio SARRATt (urbanisme).<\/p>\n<p>6\u00e8me Vice-Pr\u00e9sidente : Fabrice HOUZELLE (tourisme)<\/p>\n<p>7\u00e8me Vice-Pr\u00e9sidente : Maurice BARDET (d\u00e9veloppement \u00e9conomique)<\/p>\n<p>8\u00e8me Vice-Pr\u00e9sident : Serge TABOURET (projets d&#8217;investissement et communication.)<\/p>\n<pre><\/pre>\n","protected":false},"excerpt":{"rendered":"<p>Herv\u00e9 Delage, Guy Vantomme et \u00c9liane De Lapoyade sont d\u00e9l\u00e9gu\u00e9s par la mairie d&#8217;Issigeac \u00e0 la communaut\u00e9 de communes Portes sud P\u00e9rigord. Le pr\u00e9sident de la Communaut\u00e9 de Communes Portes <a class=\"more-link\" href=\"http:\/\/www.issigeac.info\/?page_id=35\">Suite&hellip; &rarr;<\/a><\/p>\n","protected":false},"author":1,"featured_media":2153,"parent":2,"menu_order":2,"comment_status":"closed","ping_status":"open","template":"","meta":{"footnotes":""},"class_list":["post-35","page","type-page","status-publish","has-post-thumbnail","hentry"],"_links":{"self":[{"href":"http:\/\/www.issigeac.info\/index.php?rest_route=\/wp\/v2\/pages\/35","targetHints":{"allow":["GET"]}}],"collection":[{"href":"http:\/\/www.issigeac.info\/index.php?rest_route=\/wp\/v2\/pages"}],"about":[{"href":"http:\/\/www.issigeac.info\/index.php?rest_route=\/wp\/v2\/types\/page"}],"author":[{"embeddable":true,"href":"http:\/\/www.issigeac.info\/index.php?rest_route=\/wp\/v2\/users\/1"}],"replies":[{"embeddable":true,"href":"http:\/\/www.issigeac.info\/index.php?rest_route=%2Fwp%2Fv2%2Fcomments&post=35"}],"version-history":[{"count":17,"href":"http:\/\/www.issigeac.info\/index.php?rest_route=\/wp\/v2\/pages\/35\/revisions"}],"predecessor-version":[{"id":3562,"href":"http:\/\/www.issigeac.info\/index.php?rest_route=\/wp\/v2\/pages\/35\/revisions\/3562"}],"up":[{"embeddable":true,"href":"http:\/\/www.issigeac.info\/index.php?rest_route=\/wp\/v2\/pages\/2"}],"wp:featuredmedia":[{"embeddable":true,"href":"http:\/\/www.issigeac.info\/index.php?rest_route=\/wp\/v2\/media\/2153"}],"wp:attachment":[{"href":"http:\/\/www.issigeac.info\/index.php?rest_route=%2Fwp%2Fv2%2Fmedia&parent=35"}],"curies":[{"name":"wp","href":"https:\/\/api.w.org\/{rel}","templated":true}]}}