{"id":444,"date":"2014-08-18T10:37:57","date_gmt":"2014-08-18T08:37:57","guid":{"rendered":"http:\/\/www.issigeac.info\/?page_id=444"},"modified":"2020-06-17T15:59:49","modified_gmt":"2020-06-17T13:59:49","slug":"viticulture","status":"publish","type":"page","link":"http:\/\/www.issigeac.info\/?page_id=444","title":{"rendered":"Viticulture"},"content":{"rendered":"<p>Le canton d&#8217;Issigeac est un territoire agricole sur lequel sont implant\u00e9s de nombreux viticulteurs produisant des vins du bergeracois (rouge, ros\u00e9, blanc ; AOC Bergerac, Monbazillac&#8230;). Le <a title=\"R\u00e9pertoire des professionnels du canton\" href=\"http:\/\/www.issigeac.info\/wp-content\/uploads\/2014\/06\/Annuaire-Pro-2014-interactif.pdf\" target=\"_blank\" rel=\"noopener noreferrer\">r\u00e9pertoire<\/a> compte pas moins de 17 producteurs proposant leurs produits en vente directe.<\/p>\n<h5>Ch\u00e2teau Colin-Madrigal \/ Queyral Alain &amp; Monique<\/h5>\n<p>Vin A.O.C. Bergerac rouge et ros\u00e9. Activit\u00e9 secondaire : culture de c\u00e9r\u00e9ales.<br \/>\n\u00ab les Aubilles \u00bb &#8211; 24560 ST-CERNIN-DE-LABARDE T\u00e9l. : 05 53 58 70 93<br \/>\nE-mail : colin-madrigal@wanadoo.fr<\/p>\n<h5>Ch\u00e2teau des Courr\u00e8ges \/ Celerier Didier<\/h5>\n<p>Exploitation viticole. Vinification en chai. Production de vins de Bergerac A.O.C.<br \/>\n(rouge, ros\u00e9, blanc). Activit\u00e9 secondaire : production de pruneaux d\u2019Agen I.G.P.<br \/>\n\u00ab Le Bourg \u00bb &#8211; 24560 ST-PERDOUX T\u00e9l. : 05 53 24 85 22<br \/>\nPort. : 06 33 24 62 69 &#8211; E-mail : celerier-didier@orange.fr<\/p>\n<h5>Ch\u00e2teau les Saintongers \/ d\u2019Hautefeuille Catherine<\/h5>\n<p>Production de vin. \u00ab les Saintongers \u00bb &#8211; 24560 ST-CERNIN-DE-LABARDE &#8211; T\u00e9l. : 05 53 24 32 84<br \/>\n<a href=\"http:\/\/www.saintongersdhautefeuille.com\">www.saintongersdhautefeuille.com<\/a>\/ Port. : 06 08 28 27 96<\/p>\n<h5>Ch\u00e2teau Tertres du Plantou \/ Bellugue Daniel<\/h5>\n<p>Propri\u00e9t\u00e9 convertie en agriculture biologique. Production de vin biologique (rouge,<br \/>\nros\u00e9, blanc), A.O.C. Bergerac et A.O.C. C\u00f4tes de Bergerac.<br \/>\n\u00ab le Plantou \u00bb &#8211; 24560 BOISSE T\u00e9l. : 09 63 49 99 08<br \/>\nPort. : 06 07 95 61 07 &#8211; E-mail : tertresduplantou@wanadoo.fr<\/p>\n<h5>Ch\u00e2teau Tour de Grangemont \/ Lavergne Fabien<\/h5>\n<p>Vigneron ind\u00e9pendant.<br \/>\n\u00ab Portugal \u00bb &#8211; 24560 ST-AUBIN-DE-LANQUAIS T\u00e9l. : 05 53 24 32 89<br \/>\nPort. : 06 26 63 00 29 &#8211; E-mail : tour-de-grangemont@sfr.fr<\/p>\n<h5>Le Clos du Breil \/ Vergniaud Nadine<\/h5>\n<p>Entreprise familiale. Production de vins de Bergerac (rouge, ros\u00e9, blanc sec),<br \/>\nC\u00f4tes de Bergerac moelleux et C\u00f4tes de Bergerac rouge. Visites et d\u00e9gustations.<br \/>\n\u00ab le Breil \u00bb &#8211; 24560 ST-L\u00c9ON-D\u2019ISSIGEAC T\u00e9l. : 05 53 58 75 55<br \/>\nPort. : 06 89 30 77 23 &#8211; E-mail : leclosdubreil@free.fr<\/p>\n<h5>Clos du Maine Chevalier \/ Caillard Claude<\/h5>\n<p>Propri\u00e9t\u00e9 viticole en A.O.C. Bergerac (rouge, ros\u00e9, blanc sec et blanc moelleux).<br \/>\n\u00ab le Maine Chevalier \u00bb &#8211; 24560 PLAISANCE T\u00e9l. : 05 53 58 55 63<br \/>\nPort. : 06 15 62 66 93 &#8211; E-mail : closdumainechevalier@orange.fr<\/p>\n<h5>Le Clos du Pech Bessou \/ Thomassin Pascal et Sylvie<\/h5>\n<p>\u00ab la Pouge \u00bb &#8211; 24560 PLAISANCE T\u00e9l. : 05 53 24 53 00<br \/>\nPort. : 06 85 63 23 93 &#8211; E-mail : closdupechbessou@wanadoo.fr<\/p>\n<h5>CUMA Sud Bergeracois \/ L\u2019\u00c9glise-Blanchard Francis<\/h5>\n<p>CUMA viticole.<br \/>\n\u00ab les Cabanes \u00bb &#8211; 24560 CONNE-DE-LABARDE &#8211; Port. : 06 70 91 57 07<br \/>\nE-mail : fleglise.blanchard@wanadoo.fr<\/p>\n<h5>Domaine de Mique \/ Auroux Daniel<\/h5>\n<p>Vinification et vente de vin (rouge, ros\u00e9 et blanc).<br \/>\n\u00ab Mique \u00bb &#8211; 24560 BOISSE T\u00e9l. : 05 53 24 56 69<br \/>\nPort. : 06 85 42 70 07 &#8211; E-mail : auroux.freres@wanadoo.fr<\/p>\n<h5>Domaine de Zacharie \/ Roussely Daniel<\/h5>\n<p>Le Bourg &#8211; 24560 ST-L\u00c9ON-D\u2019ISSIGEAC T\u00e9l. : 05 53 58 77 94<br \/>\nE-mail : daniel.roussely@wanadoo.fr<\/p>\n<h5>Domaine du Bois de Pourqui\u00e9 \/ Mayet Alain<\/h5>\n<p>Diff\u00e9rents c\u00e9pages et A.O.C. (Bergerac, C\u00f4tes de Bergerac, Monbazillac).<br \/>\n\u00ab Bois de Pourqui\u00e9 \u00bb &#8211; 24560 CONNE-DE-LABARDE &#8211; T\u00e9l. : 05 53 58 25 58<br \/>\nwww.vins-bdp.com &#8211; Port. : 06 82 22 02 76 &#8211; E-mail : domaine-du-bois-de-pourquie@wanadoo.fr<\/p>\n<h5>Domaine du Petit Batou \/ GenestalFr\u00e9d\u00e9ric<\/h5>\n<p>Vigneron ind\u00e9pendant, 17 hectares de vigne. \u00c9tape pour camping-cars toute l\u2019ann\u00e9e.<br \/>\nEmplacement gratuit.<br \/>\n\u00ab Domaine du Petit Batou \u00bb &#8211; 24560 BOISSE T\u00e9l. : 05 53 61 84 56<br \/>\nPort. : 06 31 63 11 66 &#8211; E-mail : nathalie.genestal@orange.fr<\/p>\n<h5>Monbecou \/ Barou Jean et Guillaume<\/h5>\n<p>\u00c9levage de caprins et production viticole. Vente directe de vin. Vente de fromage de ch\u00e8vre<br \/>\nsur commande.<br \/>\n\u00ab le Garennou \u00bb &#8211; 24560 BOISSE T\u00e9l. : 05 53 58 09 92<\/p>\n<h5>Moulins de Boisse \/ Molle Bernard et St\u00e9phanie<\/h5>\n<p>Vigneron ind\u00e9pendant. Production de Bergerac (rouge, ros\u00e9 et blanc sec), C\u00f4tes de<br \/>\nBergerac (rouge et blanc moelleux). Auberge vigneronne et visites p\u00e9dagogiques.<br \/>\n\u00ab Cap del Bourg \u00bb &#8211; 24560 BOISSE T\u00e9l. : 05 53 24 12 01<br \/>\n<a href=\"http:\/\/www.moulinsdeboisse.com\">www.moulinsdeboisse.com<\/a> Port. : 06 08 94 24 70 &#8211; moulins.de.boisse@wanadoo.fr<\/p>\n<h5>Tertre de Larch\u00e8re \/ Veyrac Yves<\/h5>\n<p>Production de vins A.O.C. Bergerac et Monbazillac. \u00c9levage de vaches laiti\u00e8res certifi\u00e9<br \/>\n\u00ab Agriculture biologique \u00bb.<br \/>\n\u00ab le Francou \u00bb &#8211; 24560 MONTAUT T\u00e9l. : 05 53 58 74 75<br \/>\nPort. : 06 42 57 19 40 &#8211; yves.veyrac@wanadoo.fr<\/p>\n<h5>Vignobles des Verdots \/ Fourtout Emmanuelle<\/h5>\n<p>Entreprise familiale (depuis 4 g\u00e9n\u00e9rations). 45 hectares de vignes. Une cave creus\u00e9e dans<br \/>\nla roche est travers\u00e9e par la rivi\u00e8re souterraine des Verdots ; chai unique en Bergeracois.<br \/>\nChambres d\u2019h\u00f4tes. Casse-cro\u00fbtes vignerons en juillet \/ ao\u00fbt.<br \/>\n\u00ab les Verdots \u00bb &#8211; 24560 CONNE-DE-LABARDE T\u00e9l. : 05 53 58 34 31<br \/>\n<a href=\"http:\/\/www.verdots.com\">www.verdots.com<\/a> E-mail : verdots@wanadoo.fr<\/p>\n","protected":false},"excerpt":{"rendered":"<p>Le canton d&#8217;Issigeac est un territoire agricole sur lequel sont implant\u00e9s de nombreux viticulteurs produisant des vins du bergeracois (rouge, ros\u00e9, blanc ; AOC Bergerac, Monbazillac&#8230;). Le r\u00e9pertoire compte pas <a class=\"more-link\" href=\"http:\/\/www.issigeac.info\/?page_id=444\">Suite&hellip; &rarr;<\/a><\/p>\n","protected":false},"author":1,"featured_media":2012,"parent":0,"menu_order":0,"comment_status":"closed","ping_status":"closed","template":"","meta":{"footnotes":""},"class_list":["post-444","page","type-page","status-publish","has-post-thumbnail","hentry"],"_links":{"self":[{"href":"http:\/\/www.issigeac.info\/index.php?rest_route=\/wp\/v2\/pages\/444","targetHints":{"allow":["GET"]}}],"collection":[{"href":"http:\/\/www.issigeac.info\/index.php?rest_route=\/wp\/v2\/pages"}],"about":[{"href":"http:\/\/www.issigeac.info\/index.php?rest_route=\/wp\/v2\/types\/page"}],"author":[{"embeddable":true,"href":"http:\/\/www.issigeac.info\/index.php?rest_route=\/wp\/v2\/users\/1"}],"replies":[{"embeddable":true,"href":"http:\/\/www.issigeac.info\/index.php?rest_route=%2Fwp%2Fv2%2Fcomments&post=444"}],"version-history":[{"count":3,"href":"http:\/\/www.issigeac.info\/index.php?rest_route=\/wp\/v2\/pages\/444\/revisions"}],"predecessor-version":[{"id":2013,"href":"http:\/\/www.issigeac.info\/index.php?rest_route=\/wp\/v2\/pages\/444\/revisions\/2013"}],"wp:featuredmedia":[{"embeddable":true,"href":"http:\/\/www.issigeac.info\/index.php?rest_route=\/wp\/v2\/media\/2012"}],"wp:attachment":[{"href":"http:\/\/www.issigeac.info\/index.php?rest_route=%2Fwp%2Fv2%2Fmedia&parent=444"}],"curies":[{"name":"wp","href":"https:\/\/api.w.org\/{rel}","templated":true}]}}