{"id":655,"date":"2015-02-08T19:42:57","date_gmt":"2015-02-08T17:42:57","guid":{"rendered":"http:\/\/www.issigeac.info\/?page_id=655"},"modified":"2020-11-11T19:27:48","modified_gmt":"2020-11-11T17:27:48","slug":"origines-du-village","status":"publish","type":"page","link":"http:\/\/www.issigeac.info\/?page_id=655","title":{"rendered":"Origines du village"},"content":{"rendered":"<h5>Pr\u00e9histoire<\/h5>\n<p>Le bulletin d&#8217;Histoire et d&#8217;Arch\u00e9ologie du P\u00e9rigord \u00e9dit\u00e9 dans les ann\u00e9es 1870 d\u00e9crivait le canton d&#8217;Issigeac comme \u00e9tant l&#8217;un des plus int\u00e9ressants du point de vue pr\u00e9historique. De nombreux dolmens \u00e9taient pr\u00e9sents dans les environs d&#8217;Issigeac. Beaucoup ont disparu, servant parfois \u00e0 construire des b\u00e2timents.<\/p>\n<h5>Les romains en issigeacois<\/h5>\n<p>Pierre&nbsp;Cadalen, en 1948, fait r\u00e9f\u00e9rence \u00e0 de multiples vestiges romains trouv\u00e9s en issigeacois aux XVIII\u00b0, XIX\u00b0 et d\u00e9but du XX\u00b0 si\u00e8cle et conclut : \u00ab Que les romains aient habit\u00e9 le canton d&#8217;Issigeac, la chose appara\u00eet comme certaine. Mais, sans doute qu&#8217;en arrivant, ces conqu\u00e9rants durent d\u00e9j\u00e0 trouver le pays habit\u00e9. Les Petru cor\u00fc habitaient, outre leur cit\u00e9 de Vesunna, de nombreux oppida (villages fortifi\u00e9s) et des fermes isol\u00e9es. La colonisation romaine dut multiplier ces derni\u00e8res. Favorable \u00e0 la vie tranquille, le site d&#8217;Issigeac invitait de lui-m\u00eame, en leur offrant les plaisirs de la chasse et la facilit\u00e9 des travaux agricoles, les riches gallo-romains \u00e0 \u00e9grener leurs opulentes villas le long de la voie romaine. \u00bb (r\u00e9\u00e9d. 2006, p. 23)<\/p>\n<p>La voie romaine (Vesonne) reliant P\u00e9rigueux \u00e0 Agen, via le site d&#8217;Eysses (Exidium, Villeneuve\/Lot) passait par Issigeac&nbsp;:&nbsp;une&nbsp;Pierre milliaire pr\u00e8s de Monmarv\u00e8s, attribu\u00e9e \u00e0 C\u00e9sar, laisse supposer que cette voie&nbsp;fut born\u00e9e vers 56 avant J.C. par les renforts de Publius Crassus, envoy\u00e9 par C\u00e9sar pour soumettre l&#8217;Aquitaine. L&#8217;arm\u00e9e de Publius Crassus \u00e9tait compos\u00e9e de 12 cohortes et de cavaliers (ces derniers \u00e9tant principalement gaulois). Ayant travers\u00e9 la Dordogne \u00e0 Lalinde, elle se dirigeait vers Sos (en Lot-et-Garonne) pour y mener son ultime bataille mais a d\u00fb s&#8217;arr\u00eater pour attendre des renforts. Issigeac \u00e9tait&nbsp;alors au carrefour des routes de P\u00e9rigueux, Agen et Marmande. C&#8217;\u00e9tait l&#8217;endroit id\u00e9al pour attendre les troupes&nbsp; venues de Narbonne et Toulouse.<\/p>\n<h5>Une structure de camp romain<\/h5>\n<p>Le site d&#8217;Issigeac est situ\u00e9e sur une petite colline dans le vallon creus\u00e9 par la Ban\u00e8ge, un petit ruisseau affluent du Dropt. Sa surface correspond \u00e0 l&#8217;espace n\u00e9cessaire pour dresser un campement pouvant recevoir l&#8217;arm\u00e9e romaine de Publius Crassus. Sa forme fait \u00e9cho aux structures d\u00e9fensives utilis\u00e9es par C\u00e9sar (notamment \u00e0 Alesia) : une barri\u00e8re de pieux, s\u00e9par\u00e9e d&#8217;un foss\u00e9 par un terrain d&#8217;environ 30m pour se tenir \u00e0 bonne distance des fl\u00e8ches des archers. On peut ainsi tr\u00e8s facilement observer cet espace sur le tour de ville entre la route et le mur d&#8217;enceinte. Le bief alimentant un moulin \u00e0 l&#8217;ouest cerne quant \u00e0 lui une bonne moiti\u00e9 du village par l&#8217;est et le nord (la partie nord-est est malheureusement couverte depuis les ann\u00e9es 1930). Les empreintes&nbsp;d&#8217;\u00e9coulement d&#8217;eau pluviale \u00e0 l&#8217;ouest (place Mercadil) marquent l&#8217;emplacement de l&#8217;ancien foss\u00e9 dont une partie est couverte sous la route du tour de ville construite \u00e0 la fin du&nbsp;XIX\u00b0 si\u00e8cle au niveau de la Pr\u00e9v\u00f4t\u00e9.<\/p>\n<h5>Un site id\u00e9al pour un camp<\/h5>\n<p>La cr\u00e9ation d&#8217;une enceinte d\u00e9fensive sur cette petite colline \u00e9tait&nbsp;facilit\u00e9e par la cr\u00e9ation d&#8217;un foss\u00e9 aliment\u00e9 \u00e0 l&#8217;est par la Ban\u00e8ge et au sud par une vaste&nbsp;zone humide&nbsp;;&nbsp;les deux r\u00e9seaux se rejoignants au nord-ouest. Les nombreuses r\u00e9surgences sur cette parcelle assuraient&nbsp;une alimentation en eau potable. Les bois environnants garantissaient la discr\u00e9tion et permettaient&nbsp;la chasse. Les points hauts avoisinants permettaient une surveillance des alentours. La toponymie actuelle t\u00e9moigne de cette structure d\u00e9fensive au travers des noms des villages autour d&#8217;Issigeac : Montaut, Monmadal\u00e8s, Monsaguel, Monmarv\u00e8s\u2026 tous perch\u00e9s sur un point haut.<\/p>\n<h5>\u00c9mergence de l&#8217;opidum<\/h5>\n<p>\u00c0 la lev\u00e9e du camp, la colline pr\u00e9sentait la structure id\u00e9ale pour l&#8217;implantation d&#8217;une villa gallo-romaine : les multiples sources ont permis d&#8217;installer des termes dans la partie nord-est du site tandis que le reste de la colline offrait un espace vert clos typique, favorable \u00e0 la culture.<\/p>\n<h5>Fin de la p\u00e9riode romaine<\/h5>\n<p>La victoire de Clovis \u00e0 Tolbiac (495) marque la fin de la p\u00e9riode romaine. Devenu chr\u00e9tien, il traverse notamment le P\u00e9rigord. L&#8217;Abb\u00e9 Cadalen affirme \u00ab C&#8217;est ainsi que serait n\u00e9 le monast\u00e8re de Sediacum (508), origine du bourg \u00e0 coutumes [\u2026] et de la charmante petite ville que nous pouvons admirer aujourd&#8217;hui. \u00bb (p. 24)<\/p>\n<h5>Conclusion<\/h5>\n<p>Si l&#8217;Abb\u00e9 Cadalen ne se prononce pas sur l&#8217;existence ou non d&#8217;un site gaulois \u00e0 Issigeac, il laisse entendre que l&#8217;arm\u00e9e romaine&nbsp;y a&nbsp;trouv\u00e9 un endroit o\u00f9 \u00e9tablir un camp. Sediacum, nom originel d&#8217;Issigeac pourrait ainsi faire r\u00e9f\u00e9rence au mot&nbsp;Sediare (si\u00e8ge). La structure du village tend \u00e0 confirmer cette hypoth\u00e8se, ce qui permet d&#8217;\u00e9valuer la fondation du camp romain en 56 avant J.C., ann\u00e9e o\u00f9 Publius Crassus a &#8220;pacifi\u00e9&#8221; la Gaule.&nbsp;Ce campement romain donnera&nbsp;naissance \u00e0 un riche opidum gallo-romain dont l&#8217;apog\u00e9e se situe entre le III\u00b0 et le IV\u00b0 si\u00e8cle, comme en t\u00e9moignent les d\u00e9couvertes arch\u00e9ologiques de 1992, ce que Pierre Cadalen ignorait lors de l&#8217;\u00e9criture de sa th\u00e8se en 1948.<\/p>\n<h5>Source :<\/h5>\n<p>Abb\u00e9 Pierre Cadalen, Issigeac et ses coutumes [1948], r\u00e9\u00e9d. N\u00eemes, Lacour, 2006.<\/p>\n","protected":false},"excerpt":{"rendered":"<p>Pr\u00e9histoire Le bulletin d&#8217;Histoire et d&#8217;Arch\u00e9ologie du P\u00e9rigord \u00e9dit\u00e9 dans les ann\u00e9es 1870 d\u00e9crivait le canton d&#8217;Issigeac comme \u00e9tant l&#8217;un des plus int\u00e9ressants du point de vue pr\u00e9historique. De nombreux <a class=\"more-link\" href=\"http:\/\/www.issigeac.info\/?page_id=655\">Suite&hellip; &rarr;<\/a><\/p>\n","protected":false},"author":1,"featured_media":0,"parent":0,"menu_order":0,"comment_status":"closed","ping_status":"closed","template":"","meta":{"footnotes":""},"class_list":["post-655","page","type-page","status-publish","hentry"],"_links":{"self":[{"href":"http:\/\/www.issigeac.info\/index.php?rest_route=\/wp\/v2\/pages\/655","targetHints":{"allow":["GET"]}}],"collection":[{"href":"http:\/\/www.issigeac.info\/index.php?rest_route=\/wp\/v2\/pages"}],"about":[{"href":"http:\/\/www.issigeac.info\/index.php?rest_route=\/wp\/v2\/types\/page"}],"author":[{"embeddable":true,"href":"http:\/\/www.issigeac.info\/index.php?rest_route=\/wp\/v2\/users\/1"}],"replies":[{"embeddable":true,"href":"http:\/\/www.issigeac.info\/index.php?rest_route=%2Fwp%2Fv2%2Fcomments&post=655"}],"version-history":[{"count":6,"href":"http:\/\/www.issigeac.info\/index.php?rest_route=\/wp\/v2\/pages\/655\/revisions"}],"predecessor-version":[{"id":2189,"href":"http:\/\/www.issigeac.info\/index.php?rest_route=\/wp\/v2\/pages\/655\/revisions\/2189"}],"wp:attachment":[{"href":"http:\/\/www.issigeac.info\/index.php?rest_route=%2Fwp%2Fv2%2Fmedia&parent=655"}],"curies":[{"name":"wp","href":"https:\/\/api.w.org\/{rel}","templated":true}]}}